{"id":1095,"date":"2020-10-22T12:46:14","date_gmt":"2020-10-22T10:46:14","guid":{"rendered":"http:\/\/mathquiz.fr\/?page_id=1095"},"modified":"2020-10-22T13:11:14","modified_gmt":"2020-10-22T11:11:14","slug":"complements-sur-la-programmation-en-python","status":"publish","type":"page","link":"https:\/\/mathquiz.fr\/?page_id=1095","title":{"rendered":"Compl\u00e9ments sur la programmation en python"},"content":{"rendered":"\n<p><strong><span class=\"has-inline-color has-vivid-red-color\">1. Installer un IDE &#8211; logiciel permettant de programmer et d&rsquo;ex\u00e9cuter des programme pyhton (Spyder\/Jupyter).<\/span><\/strong><\/p>\n\n\n\n<p>Vid\u00e9o<\/p>\n\n\n\n<p><strong><span class=\"has-inline-color has-vivid-red-color\">2. Programmation orient\u00e9e objet et usage du python dans le monde l&rsquo;informatique.<\/span><\/strong><\/p>\n\n\n\n<p>Vid\u00e9o<\/p>\n\n\n\n<p><strong><span class=\"has-inline-color has-vivid-red-color\">3. Tutoriels pour d\u00e9velopper ses comp\u00e9tences en python.<\/span><\/strong><\/p>\n\n\n\n<p><\/p>\n\n\n<div class=\"su-button-center\"><a href=\"http:\/\/mathquiz.fr\/?page_id=866\" class=\"su-button su-button-style-3d\" style=\"color:#FFFFFF;background-color:#2D89EF;border-color:#246ec0;border-radius:9px\" target=\"_self\"><span style=\"color:#FFFFFF;padding:0px 24px;font-size:18px;line-height:36px;border-color:#6cadf4;border-radius:9px;text-shadow:none\"> Cours pr\u00e9c\u00e9dent<\/span><\/a><\/div>\n","protected":false},"excerpt":{"rendered":"<p>1. Installer un IDE &#8211; logiciel permettant de programmer et d&rsquo;ex\u00e9cuter des programme pyhton (Spyder\/Jupyter). Vid\u00e9o 2. Programmation orient\u00e9e objet et usage du python dans le monde l&rsquo;informatique. Vid\u00e9o 3. Tutoriels pour d\u00e9velopper ses comp\u00e9tences[&#8230;]<\/p>\n","protected":false},"author":1,"featured_media":0,"parent":851,"menu_order":0,"comment_status":"closed","ping_status":"closed","template":"","meta":[],"_links":{"self":[{"href":"https:\/\/mathquiz.fr\/index.php?rest_route=\/wp\/v2\/pages\/1095"}],"collection":[{"href":"https:\/\/mathquiz.fr\/index.php?rest_route=\/wp\/v2\/pages"}],"about":[{"href":"https:\/\/mathquiz.fr\/index.php?rest_route=\/wp\/v2\/types\/page"}],"author":[{"embeddable":true,"href":"https:\/\/mathquiz.fr\/index.php?rest_route=\/wp\/v2\/users\/1"}],"replies":[{"embeddable":true,"href":"https:\/\/mathquiz.fr\/index.php?rest_route=%2Fwp%2Fv2%2Fcomments&post=1095"}],"version-history":[{"count":3,"href":"https:\/\/mathquiz.fr\/index.php?rest_route=\/wp\/v2\/pages\/1095\/revisions"}],"predecessor-version":[{"id":1107,"href":"https:\/\/mathquiz.fr\/index.php?rest_route=\/wp\/v2\/pages\/1095\/revisions\/1107"}],"up":[{"embeddable":true,"href":"https:\/\/mathquiz.fr\/index.php?rest_route=\/wp\/v2\/pages\/851"}],"wp:attachment":[{"href":"https:\/\/mathquiz.fr\/index.php?rest_route=%2Fwp%2Fv2%2Fmedia&parent=1095"}],"curies":[{"name":"wp","href":"https:\/\/api.w.org\/{rel}","templated":true}]}}