{"id":1150,"date":"2020-11-06T11:02:56","date_gmt":"2020-11-06T10:02:56","guid":{"rendered":"http:\/\/mathquiz.fr\/?page_id=1150"},"modified":"2021-05-05T17:20:23","modified_gmt":"2021-05-05T15:20:23","slug":"travail-a-domicile","status":"publish","type":"page","link":"https:\/\/mathquiz.fr\/?page_id=1150","title":{"rendered":"Maths compl\u00e9mentaires : Travail \u00e0 domicile"},"content":{"rendered":"\n<hr class=\"wp-block-separator\"\/>\n\n\n\n<h2 class=\"has-pale-cyan-blue-background-color has-background\">Le mercredi 7 avril<\/h2>\n\n\n\n<p>Cours en visio sur teams. Sur le chapitre \u00e9quations diff\u00e9rentielles.<\/p>\n\n\n\n<p>Cours t\u00e9l\u00e9chargeable ci-dessous.<\/p>\n\n\n\n<div class=\"wp-block-file\"><a href=\"http:\/\/mathquiz.fr\/wp-content\/uploads\/2021\/04\/cours-1.pdf\">cours-1<\/a><a href=\"http:\/\/mathquiz.fr\/wp-content\/uploads\/2021\/04\/cours-1.pdf\" class=\"wp-block-file__button\" download>T\u00e9l\u00e9charger<\/a><\/div>\n\n\n\n<p>Faire pour lundi ex 2,3,4,6,7,8,9p134<\/p>\n\n\n\n<hr class=\"wp-block-separator\"\/>\n\n\n\n<p><\/p>\n\n\n\n<h2 class=\"has-pale-cyan-blue-background-color has-background\">Le lundi 26 avril<\/h2>\n\n\n\n<p>Correction ex 2, 3, 4, 6, 7, 8, 9p134 disponible \u00e0 15h30.<\/p>\n\n\n\n<p>A faire pour mercredi ex 13,14,15,18p135&nbsp;<\/p>\n\n\n\n<div class=\"wp-block-file\"><a href=\"http:\/\/mathquiz.fr\/wp-content\/uploads\/2021\/04\/Correction-ex-2346789.pdf\">Correction-ex-2346789<\/a><a href=\"http:\/\/mathquiz.fr\/wp-content\/uploads\/2021\/04\/Correction-ex-2346789.pdf\" class=\"wp-block-file__button\" download>T\u00e9l\u00e9charger<\/a><\/div>\n\n\n\n<hr class=\"wp-block-separator\"\/>\n\n\n\n<h2 class=\"has-pale-cyan-blue-background-color has-background\">Le mercredi 28 avril<\/h2>\n\n\n\n<p>Correction ex 13,14,15,18p135&nbsp;disponible \u00e0 16h30.<\/p>\n\n\n\n<div class=\"wp-block-file\"><a href=\"http:\/\/mathquiz.fr\/wp-content\/uploads\/2021\/04\/Correction-ex-13-14-15-18.pdf\">Correction-ex-13-14-15-18<\/a><a href=\"http:\/\/mathquiz.fr\/wp-content\/uploads\/2021\/04\/Correction-ex-13-14-15-18.pdf\" class=\"wp-block-file__button\" download>T\u00e9l\u00e9charger<\/a><\/div>\n\n\n\n<hr class=\"wp-block-separator\"\/>\n\n\n\n<h2 class=\"has-pale-cyan-blue-background-color has-background\">Le lundi 3 mai<\/h2>\n\n\n\n<p>Cours en visio sur le reste de chapitre \u00e0 15h30 sur teams.<\/p>\n\n\n\n<p>Faire ex 23,24,25 p136<\/p>\n\n\n\n<div class=\"wp-block-file\"><a href=\"http:\/\/mathquiz.fr\/wp-content\/uploads\/2021\/05\/Correction-ex-23-24-25.pdf\">Correction-ex-23-24-25<\/a><a href=\"http:\/\/mathquiz.fr\/wp-content\/uploads\/2021\/05\/Correction-ex-23-24-25.pdf\" class=\"wp-block-file__button\" download>T\u00e9l\u00e9charger<\/a><\/div>\n\n\n\n<hr class=\"wp-block-separator\"\/>\n\n\n\n<h2 class=\"has-pale-cyan-blue-background-color has-background\">Le mercredi 5 mai<\/h2>\n\n\n\n<p>Correction ex 27,28 p136, ex 44p138<\/p>\n\n\n\n<div class=\"wp-block-file\"><a href=\"http:\/\/mathquiz.fr\/wp-content\/uploads\/2021\/05\/ex-28-27-44.pdf\">ex-28-27-44<\/a><a href=\"http:\/\/mathquiz.fr\/wp-content\/uploads\/2021\/05\/ex-28-27-44.pdf\" class=\"wp-block-file__button\" download>T\u00e9l\u00e9charger<\/a><\/div>\n\n\n\n<hr class=\"wp-block-separator\"\/>\n","protected":false},"excerpt":{"rendered":"<p>Le mercredi 7 avril Cours en visio sur teams. Sur le chapitre \u00e9quations diff\u00e9rentielles. Cours t\u00e9l\u00e9chargeable ci-dessous. Faire pour lundi ex 2,3,4,6,7,8,9p134 Le lundi 26 avril Correction ex 2, 3, 4, 6, 7, 8, 9p134[&#8230;]<\/p>\n","protected":false},"author":1,"featured_media":0,"parent":1146,"menu_order":0,"comment_status":"closed","ping_status":"closed","template":"","meta":[],"_links":{"self":[{"href":"https:\/\/mathquiz.fr\/index.php?rest_route=\/wp\/v2\/pages\/1150"}],"collection":[{"href":"https:\/\/mathquiz.fr\/index.php?rest_route=\/wp\/v2\/pages"}],"about":[{"href":"https:\/\/mathquiz.fr\/index.php?rest_route=\/wp\/v2\/types\/page"}],"author":[{"embeddable":true,"href":"https:\/\/mathquiz.fr\/index.php?rest_route=\/wp\/v2\/users\/1"}],"replies":[{"embeddable":true,"href":"https:\/\/mathquiz.fr\/index.php?rest_route=%2Fwp%2Fv2%2Fcomments&post=1150"}],"version-history":[{"count":77,"href":"https:\/\/mathquiz.fr\/index.php?rest_route=\/wp\/v2\/pages\/1150\/revisions"}],"predecessor-version":[{"id":1465,"href":"https:\/\/mathquiz.fr\/index.php?rest_route=\/wp\/v2\/pages\/1150\/revisions\/1465"}],"up":[{"embeddable":true,"href":"https:\/\/mathquiz.fr\/index.php?rest_route=\/wp\/v2\/pages\/1146"}],"wp:attachment":[{"href":"https:\/\/mathquiz.fr\/index.php?rest_route=%2Fwp%2Fv2%2Fmedia&parent=1150"}],"curies":[{"name":"wp","href":"https:\/\/api.w.org\/{rel}","templated":true}]}}