{"id":1168,"date":"2020-11-06T11:27:34","date_gmt":"2020-11-06T10:27:34","guid":{"rendered":"http:\/\/mathquiz.fr\/?page_id=1168"},"modified":"2021-04-09T15:54:56","modified_gmt":"2021-04-09T13:54:56","slug":"snt-travail-a-domicile","status":"publish","type":"page","link":"https:\/\/mathquiz.fr\/?page_id=1168","title":{"rendered":"SNT : Travail \u00e0 domicile"},"content":{"rendered":"\n<hr class=\"wp-block-separator\"\/>\n\n\n\n<h2 class=\"has-pale-cyan-blue-background-color has-background\">Sur la semaine du 5 avril au 9 avril<\/h2>\n\n\n\n<p>Travail sur les r\u00e9seaux sociaux partie 4\/4 :<\/p>\n\n\n\n<p><a href=\"https:\/\/lelikes29196-my.sharepoint.com\/:b:\/g\/personal\/p-lefaou_likes_org\/EZ0YKyjXPIxHnh8gpHIlmRYBRIO99l9xgL_Od9cGJ9BaKA?e=i5mYIY\">Faire l&rsquo;activit\u00e9 5<\/a><\/p>\n\n\n\n<p>Correction disponible le vendredi 9 avril \u00e0 17h.<\/p>\n\n\n\n<p><a href=\"https:\/\/lelikes29196-my.sharepoint.com\/:w:\/g\/personal\/p-lefaou_likes_org\/ESGf6SV9TY1OlNtn-OSNeG4B1ewaokcRrkLjHVTdGRivog?e=tbOlEr\">Correction activit\u00e9 5<\/a><\/p>\n\n\n\n<hr class=\"wp-block-separator\"\/>\n\n\n\n<h2 class=\"has-pale-cyan-blue-background-color has-background\">Sur la semaine du 26 avril au 30 avril.<\/h2>\n\n\n\n<p>Faire le travail sur la programmation en python &#8211; structure de contr\u00f4les : les boucles. Disponible via le lien ci-dessous.<\/p>\n\n\n\n<figure class=\"wp-block-embed-wordpress wp-block-embed is-type-wp-embed is-provider-math-quiz\"><div class=\"wp-block-embed__wrapper\">\n<blockquote class=\"wp-embedded-content\" data-secret=\"PuMKjjiQF1\"><a href=\"http:\/\/mathquiz.fr\/?page_id=862\">Structures de contr\u00f4le : les boucles<\/a><\/blockquote><iframe class=\"wp-embedded-content\" sandbox=\"allow-scripts\" security=\"restricted\" style=\"position: absolute; clip: rect(1px, 1px, 1px, 1px);\" title=\"\u00ab\u00a0Structures de contr\u00f4le : les boucles\u00a0\u00bb &#8212; Math Quiz\" src=\"http:\/\/mathquiz.fr\/?page_id=862&#038;embed=true#?secret=PuMKjjiQF1\" data-secret=\"PuMKjjiQF1\" width=\"600\" height=\"338\" frameborder=\"0\" marginwidth=\"0\" marginheight=\"0\" scrolling=\"no\"><\/iframe>\n<\/div><\/figure>\n\n\n\n<p>Une \u00e9valuation sera pr\u00e9vue \u00e0 la r\u00e9ouverture des classes, sur cette nouvelle notion.<\/p>\n\n\n\n<p>Une \u00e9valuation de connaissances sur les chapitres : cartographie et r\u00e9seaux sociaux sera \u00e9galement pr\u00e9vue.<\/p>\n\n\n\n<hr class=\"wp-block-separator\"\/>\n","protected":false},"excerpt":{"rendered":"<p>Sur la semaine du 5 avril au 9 avril Travail sur les r\u00e9seaux sociaux partie 4\/4 : Faire l&rsquo;activit\u00e9 5 Correction disponible le vendredi 9 avril \u00e0 17h. Correction activit\u00e9 5 Sur la semaine du[&#8230;]<\/p>\n","protected":false},"author":1,"featured_media":0,"parent":890,"menu_order":0,"comment_status":"closed","ping_status":"closed","template":"","meta":[],"_links":{"self":[{"href":"https:\/\/mathquiz.fr\/index.php?rest_route=\/wp\/v2\/pages\/1168"}],"collection":[{"href":"https:\/\/mathquiz.fr\/index.php?rest_route=\/wp\/v2\/pages"}],"about":[{"href":"https:\/\/mathquiz.fr\/index.php?rest_route=\/wp\/v2\/types\/page"}],"author":[{"embeddable":true,"href":"https:\/\/mathquiz.fr\/index.php?rest_route=\/wp\/v2\/users\/1"}],"replies":[{"embeddable":true,"href":"https:\/\/mathquiz.fr\/index.php?rest_route=%2Fwp%2Fv2%2Fcomments&post=1168"}],"version-history":[{"count":17,"href":"https:\/\/mathquiz.fr\/index.php?rest_route=\/wp\/v2\/pages\/1168\/revisions"}],"predecessor-version":[{"id":1423,"href":"https:\/\/mathquiz.fr\/index.php?rest_route=\/wp\/v2\/pages\/1168\/revisions\/1423"}],"up":[{"embeddable":true,"href":"https:\/\/mathquiz.fr\/index.php?rest_route=\/wp\/v2\/pages\/890"}],"wp:attachment":[{"href":"https:\/\/mathquiz.fr\/index.php?rest_route=%2Fwp%2Fv2%2Fmedia&parent=1168"}],"curies":[{"name":"wp","href":"https:\/\/api.w.org\/{rel}","templated":true}]}}