{"id":1198,"date":"2020-11-06T21:42:41","date_gmt":"2020-11-06T20:42:41","guid":{"rendered":"http:\/\/mathquiz.fr\/?page_id=1198"},"modified":"2020-11-06T21:44:09","modified_gmt":"2020-11-06T20:44:09","slug":"le-guide-video-nest-pas-encore-disponible","status":"publish","type":"page","link":"https:\/\/mathquiz.fr\/?page_id=1198","title":{"rendered":"Le guide vid\u00e9o n&rsquo;est pas encore disponible !"},"content":{"rendered":"<p>Rassure toi, il sera mis en ligne avant le jour consacr\u00e9 \u00e0 la r\u00e9alisation de cette activit\u00e9. Il est en cours de r\u00e9alisation \ud83d\ude09<\/p>\n","protected":false},"excerpt":{"rendered":"<p>Rassure toi, il sera mis en ligne avant le jour consacr\u00e9 \u00e0 la r\u00e9alisation de cette activit\u00e9. Il est en cours de r\u00e9alisation \ud83d\ude09<\/p>\n","protected":false},"author":1,"featured_media":0,"parent":0,"menu_order":0,"comment_status":"closed","ping_status":"closed","template":"","meta":[],"_links":{"self":[{"href":"https:\/\/mathquiz.fr\/index.php?rest_route=\/wp\/v2\/pages\/1198"}],"collection":[{"href":"https:\/\/mathquiz.fr\/index.php?rest_route=\/wp\/v2\/pages"}],"about":[{"href":"https:\/\/mathquiz.fr\/index.php?rest_route=\/wp\/v2\/types\/page"}],"author":[{"embeddable":true,"href":"https:\/\/mathquiz.fr\/index.php?rest_route=\/wp\/v2\/users\/1"}],"replies":[{"embeddable":true,"href":"https:\/\/mathquiz.fr\/index.php?rest_route=%2Fwp%2Fv2%2Fcomments&post=1198"}],"version-history":[{"count":2,"href":"https:\/\/mathquiz.fr\/index.php?rest_route=\/wp\/v2\/pages\/1198\/revisions"}],"predecessor-version":[{"id":1200,"href":"https:\/\/mathquiz.fr\/index.php?rest_route=\/wp\/v2\/pages\/1198\/revisions\/1200"}],"wp:attachment":[{"href":"https:\/\/mathquiz.fr\/index.php?rest_route=%2Fwp%2Fv2%2Fmedia&parent=1198"}],"curies":[{"name":"wp","href":"https:\/\/api.w.org\/{rel}","templated":true}]}}