{"id":1387,"date":"2021-04-01T12:45:51","date_gmt":"2021-04-01T10:45:51","guid":{"rendered":"http:\/\/mathquiz.fr\/?page_id=1387"},"modified":"2021-04-30T14:29:23","modified_gmt":"2021-04-30T12:29:23","slug":"6eme-travail-a-domicile","status":"publish","type":"page","link":"https:\/\/mathquiz.fr\/?page_id=1387","title":{"rendered":"6\u00e8me travail \u00e0 domicile"},"content":{"rendered":"\n<hr class=\"wp-block-separator\"\/>\n\n\n\n<h2 class=\"has-black-color has-pale-cyan-blue-background-color has-text-color has-background\"><span class=\"has-inline-color has-black-color\">Le mardi 6 avril<\/span><\/h2>\n\n\n\n<p>Cours en visio sur teams :<\/p>\n\n\n\n<ul><li>A 9h00 pour les 603. Portera sur les exercices 1,2,3 de la fiche disponible ci-dessous.<\/li><li>A 10h00 pour les 608. Portera sur la correction des exercices 3,4,5 de la fiche. A faire pour jeudi 8 avril,  les exercices 1,2,3,4,5,6 partie 1 de la seconde fiche (disponible ci-dessous)<\/li><\/ul>\n\n\n\n<p>Il travail portera sur les exercices de la fiche t\u00e9l\u00e9chargeable ci-dessous. (cliquer sur le bouton t\u00e9l\u00e9charger, document remis vendredi 2 avril au format papier)<\/p>\n\n\n\n<div class=\"wp-block-file\"><a href=\"http:\/\/mathquiz.fr\/wp-content\/uploads\/2021\/04\/Fiche-dexercices-quadrilateres-1.pdf\">Fiche-dexercices-quadrilateres-1<\/a><a href=\"http:\/\/mathquiz.fr\/wp-content\/uploads\/2021\/04\/Fiche-dexercices-quadrilateres-1.pdf\" class=\"wp-block-file__button\" download>T\u00e9l\u00e9charger<\/a><\/div>\n\n\n\n<hr class=\"wp-block-separator\"\/>\n\n\n\n<h2 class=\"has-black-color has-pale-cyan-blue-background-color has-text-color has-background\"><span class=\"has-inline-color has-black-color\">Le jeudi 8 avril<\/span><\/h2>\n\n\n\n<p>Cours en visio sur teams :<\/p>\n\n\n\n<ul><li>A 9h00 pour les 608. Portera sur les exercices 1,2,3,4,5,6. Faire pour vendredi ex 1,2 partie 2.<\/li><li>A 10h00 pour les 603. Portera sur la correction des exercices 4,5,6 de la partie 1 et les exercices 1 et 2 de la partie 2.<\/li><\/ul>\n\n\n\n<p>Correction vid\u00e9o des exercices 1,2,3,4,5,6 de la partie 1 <\/p>\n\n\n\n<figure class=\"wp-block-embed-youtube wp-block-embed is-type-rich is-provider-prise-en-charge-des-contenus-embarques wp-embed-aspect-16-9 wp-has-aspect-ratio\"><div class=\"wp-block-embed__wrapper\">\n<iframe title=\"Correction ex 1,2,3,4,5,6 de la fiche\" width=\"1040\" height=\"585\" src=\"https:\/\/www.youtube.com\/embed\/MhSKF3JDglM?feature=oembed\" frameborder=\"0\" allow=\"accelerometer; autoplay; clipboard-write; encrypted-media; gyroscope; picture-in-picture\" allowfullscreen><\/iframe>\n<\/div><\/figure>\n\n\n\n<hr class=\"wp-block-separator\"\/>\n\n\n\n<h2 class=\"has-pale-cyan-blue-background-color has-background\"><span class=\"has-inline-color has-black-color\">Le vendredi 9 avril<\/span><\/h2>\n\n\n\n<p>Cours en visio sur teams :<\/p>\n\n\n\n<ul><li>A 13h30 pour les 608. Portera sur les exercices 1,2,3,4 de la partie 2. Finir les exercices 5,6 de la partie et regarder la correction en vid\u00e9o ci-dessous.<\/li><li>A 14h30 pour les 603. Portera sur les exercices 3,4,5,6 de la partie 2.<\/li><\/ul>\n\n\n\n<p>Correction ex 1,2 de la partie 2 : <\/p>\n\n\n\n<figure class=\"wp-block-embed-youtube wp-block-embed is-type-rich is-provider-prise-en-charge-des-contenus-embarques wp-embed-aspect-16-9 wp-has-aspect-ratio\"><div class=\"wp-block-embed__wrapper\">\n<iframe title=\"Correction ex 1,2 partie 2\" width=\"1040\" height=\"585\" src=\"https:\/\/www.youtube.com\/embed\/TOZQ8Td6WP0?feature=oembed\" frameborder=\"0\" allow=\"accelerometer; autoplay; clipboard-write; encrypted-media; gyroscope; picture-in-picture\" allowfullscreen><\/iframe>\n<\/div><\/figure>\n\n\n\n<p>Correction ex 3,4 de la partie 2 : <\/p>\n\n\n\n<figure class=\"wp-block-embed-youtube wp-block-embed is-type-rich is-provider-prise-en-charge-des-contenus-embarques wp-embed-aspect-16-9 wp-has-aspect-ratio\"><div class=\"wp-block-embed__wrapper\">\n<iframe title=\"Correction ex 3,4 de la partie 2\" width=\"1040\" height=\"585\" src=\"https:\/\/www.youtube.com\/embed\/DfdRt58h-MI?feature=oembed\" frameborder=\"0\" allow=\"accelerometer; autoplay; clipboard-write; encrypted-media; gyroscope; picture-in-picture\" allowfullscreen><\/iframe>\n<\/div><\/figure>\n\n\n\n<p>Correction ex 5 de la partie 2 : <\/p>\n\n\n\n<figure class=\"wp-block-embed-youtube wp-block-embed is-type-rich is-provider-prise-en-charge-des-contenus-embarques wp-embed-aspect-16-9 wp-has-aspect-ratio\"><div class=\"wp-block-embed__wrapper\">\n<iframe title=\"Correction ex 5 partie 2\" width=\"1040\" height=\"585\" src=\"https:\/\/www.youtube.com\/embed\/4mbPw7rfdlY?feature=oembed\" frameborder=\"0\" allow=\"accelerometer; autoplay; clipboard-write; encrypted-media; gyroscope; picture-in-picture\" allowfullscreen><\/iframe>\n<\/div><\/figure>\n\n\n\n<p>Correction ex 6 partie 2 :<\/p>\n\n\n\n<figure class=\"wp-block-embed-youtube wp-block-embed is-type-rich is-provider-prise-en-charge-des-contenus-embarques wp-embed-aspect-16-9 wp-has-aspect-ratio\"><div class=\"wp-block-embed__wrapper\">\n<iframe title=\"Correction ex 6 partie 2\" width=\"1040\" height=\"585\" src=\"https:\/\/www.youtube.com\/embed\/FpbQcP6sf6U?feature=oembed\" frameborder=\"0\" allow=\"accelerometer; autoplay; clipboard-write; encrypted-media; gyroscope; picture-in-picture\" allowfullscreen><\/iframe>\n<\/div><\/figure>\n\n\n\n<hr class=\"wp-block-separator\"\/>\n\n\n\n<h2 class=\"has-pale-cyan-blue-background-color has-background\"><span class=\"has-inline-color has-black-color\">Le lundi 26 avril<\/span><\/h2>\n\n\n\n<p>Cours en visio sur teams :<\/p>\n\n\n\n<ul><li>A 8h00 pour les 603. La visio sera sur le nouveau chapitre sur les fractions.<\/li><li>A 13h30 pour les 608. La visio sera sur le nouveau chapitre sur les fractions.<\/li><\/ul>\n\n\n\n<p>Cours t\u00e9l\u00e9chargeable ci-dessous. (cliquer sur le bouton t\u00e9l\u00e9charger, document remis vendredi 2 avril au format papier).<\/p>\n\n\n\n<div class=\"wp-block-file\"><a href=\"http:\/\/mathquiz.fr\/wp-content\/uploads\/2021\/04\/cours.pdf\">cours<\/a><a href=\"http:\/\/mathquiz.fr\/wp-content\/uploads\/2021\/04\/cours.pdf\" class=\"wp-block-file__button\" download>T\u00e9l\u00e9charger<\/a><\/div>\n\n\n\n<p>Fiche d&rsquo;exercices t\u00e9l\u00e9chargeable ci-dessous. (cliquer sur le bouton t\u00e9l\u00e9charger, document remis vendredi 2 avril au format papier).<\/p>\n\n\n\n<div class=\"wp-block-file\"><a href=\"http:\/\/mathquiz.fr\/wp-content\/uploads\/2021\/04\/fiche-dexercices-1.pdf\">fiche-dexercices-1<\/a><a href=\"http:\/\/mathquiz.fr\/wp-content\/uploads\/2021\/04\/fiche-dexercices-1.pdf\" class=\"wp-block-file__button\" download>T\u00e9l\u00e9charger<\/a><\/div>\n\n\n\n<hr class=\"wp-block-separator\"\/>\n\n\n\n<figure class=\"wp-block-embed-youtube wp-block-embed is-type-rich is-provider-prise-en-charge-des-contenus-embarques wp-embed-aspect-16-9 wp-has-aspect-ratio\"><div class=\"wp-block-embed__wrapper\">\n<iframe title=\"Cours sur les fractions partie 1\/2\" width=\"1040\" height=\"585\" src=\"https:\/\/www.youtube.com\/embed\/t_-fAnD_THw?feature=oembed\" frameborder=\"0\" allow=\"accelerometer; autoplay; clipboard-write; encrypted-media; gyroscope; picture-in-picture\" allowfullscreen><\/iframe>\n<\/div><\/figure>\n\n\n\n<figure class=\"wp-block-embed-youtube wp-block-embed is-type-rich is-provider-prise-en-charge-des-contenus-embarques wp-embed-aspect-16-9 wp-has-aspect-ratio\"><div class=\"wp-block-embed__wrapper\">\n<iframe title=\"Correction ex 17,19,21,27,28p96\" width=\"1040\" height=\"585\" src=\"https:\/\/www.youtube.com\/embed\/MpoZg9hnJX8?feature=oembed\" frameborder=\"0\" allow=\"accelerometer; autoplay; clipboard-write; encrypted-media; gyroscope; picture-in-picture\" allowfullscreen><\/iframe>\n<\/div><\/figure>\n\n\n\n<hr class=\"wp-block-separator\"\/>\n\n\n\n<h2 class=\"has-pale-cyan-blue-background-color has-background\"><span class=\"has-inline-color has-black-color\">Le mardi 27 avril<\/span><\/h2>\n\n\n\n<p>Cours en visio sur teams :<\/p>\n\n\n\n<ul><li>A 9h00 pour les 603. <\/li><li>A 10h00 pour les 608. <\/li><\/ul>\n\n\n\n<figure class=\"wp-block-embed-youtube wp-block-embed is-type-rich is-provider-prise-en-charge-des-contenus-embarques wp-embed-aspect-16-9 wp-has-aspect-ratio\"><div class=\"wp-block-embed__wrapper\">\n<iframe title=\"Correction ex 38,40,41,43,44 p 96-97\" width=\"1040\" height=\"585\" src=\"https:\/\/www.youtube.com\/embed\/QcJbItPZLIE?feature=oembed\" frameborder=\"0\" allow=\"accelerometer; autoplay; clipboard-write; encrypted-media; gyroscope; picture-in-picture\" allowfullscreen><\/iframe>\n<\/div><\/figure>\n\n\n\n<h2 class=\"has-pale-cyan-blue-background-color has-background\"><span class=\"has-inline-color has-black-color\">Le jeudi 29 avril<\/span><\/h2>\n\n\n\n<p>Cours en visio sur teams :<\/p>\n\n\n\n<ul><li>A 9h00 pour les 608.<\/li><li>A 10h00 pour les 603.<\/li><\/ul>\n\n\n\n<figure class=\"wp-block-embed-youtube wp-block-embed is-type-rich is-provider-prise-en-charge-des-contenus-embarques wp-embed-aspect-16-9 wp-has-aspect-ratio\"><div class=\"wp-block-embed__wrapper\">\n<iframe title=\"Correction ex 45 p96-97\" width=\"1040\" height=\"585\" src=\"https:\/\/www.youtube.com\/embed\/6g5-NK9NThk?feature=oembed\" frameborder=\"0\" allow=\"accelerometer; autoplay; clipboard-write; encrypted-media; gyroscope; picture-in-picture\" allowfullscreen><\/iframe>\n<\/div><\/figure>\n\n\n\n<figure class=\"wp-block-embed-youtube wp-block-embed is-type-rich is-provider-prise-en-charge-des-contenus-embarques wp-embed-aspect-16-9 wp-has-aspect-ratio\"><div class=\"wp-block-embed__wrapper\">\n<iframe title=\"Correction ex 47 p96-97\" width=\"1040\" height=\"585\" src=\"https:\/\/www.youtube.com\/embed\/bjeybzTlKkc?feature=oembed\" frameborder=\"0\" allow=\"accelerometer; autoplay; clipboard-write; encrypted-media; gyroscope; picture-in-picture\" allowfullscreen><\/iframe>\n<\/div><\/figure>\n\n\n\n<h2 class=\"has-pale-cyan-blue-background-color has-background\"><span class=\"has-inline-color has-black-color\">Le vendredi 30 avril<\/span><\/h2>\n\n\n\n<p>Cours en visio sur teams :<\/p>\n\n\n\n<ul><li>A 13h30 pour les 608.<\/li><li>A 14h30 pour les 603. <\/li><\/ul>\n\n\n\n<figure class=\"wp-block-embed-youtube wp-block-embed is-type-rich is-provider-prise-en-charge-des-contenus-embarques wp-embed-aspect-4-3 wp-has-aspect-ratio\"><div class=\"wp-block-embed__wrapper\">\n<iframe title=\"Cours sur les fraction partie 2\" width=\"1040\" height=\"780\" src=\"https:\/\/www.youtube.com\/embed\/apsZT12URrc?feature=oembed\" frameborder=\"0\" allow=\"accelerometer; autoplay; clipboard-write; encrypted-media; gyroscope; picture-in-picture\" allowfullscreen><\/iframe>\n<\/div><\/figure>\n","protected":false},"excerpt":{"rendered":"<p>Le mardi 6 avril Cours en visio sur teams : A 9h00 pour les 603. Portera sur les exercices 1,2,3 de la fiche disponible ci-dessous. A 10h00 pour les 608. Portera sur la correction des[&#8230;]<\/p>\n","protected":false},"author":1,"featured_media":0,"parent":1148,"menu_order":0,"comment_status":"closed","ping_status":"closed","template":"","meta":[],"_links":{"self":[{"href":"https:\/\/mathquiz.fr\/index.php?rest_route=\/wp\/v2\/pages\/1387"}],"collection":[{"href":"https:\/\/mathquiz.fr\/index.php?rest_route=\/wp\/v2\/pages"}],"about":[{"href":"https:\/\/mathquiz.fr\/index.php?rest_route=\/wp\/v2\/types\/page"}],"author":[{"embeddable":true,"href":"https:\/\/mathquiz.fr\/index.php?rest_route=\/wp\/v2\/users\/1"}],"replies":[{"embeddable":true,"href":"https:\/\/mathquiz.fr\/index.php?rest_route=%2Fwp%2Fv2%2Fcomments&post=1387"}],"version-history":[{"count":15,"href":"https:\/\/mathquiz.fr\/index.php?rest_route=\/wp\/v2\/pages\/1387\/revisions"}],"predecessor-version":[{"id":1449,"href":"https:\/\/mathquiz.fr\/index.php?rest_route=\/wp\/v2\/pages\/1387\/revisions\/1449"}],"up":[{"embeddable":true,"href":"https:\/\/mathquiz.fr\/index.php?rest_route=\/wp\/v2\/pages\/1148"}],"wp:attachment":[{"href":"https:\/\/mathquiz.fr\/index.php?rest_route=%2Fwp%2Fv2%2Fmedia&parent=1387"}],"curies":[{"name":"wp","href":"https:\/\/api.w.org\/{rel}","templated":true}]}}