{"id":148,"date":"2019-02-06T11:43:36","date_gmt":"2019-02-06T10:43:36","guid":{"rendered":"http:\/\/mathquiz.fr\/?page_id=148"},"modified":"2020-11-08T20:32:14","modified_gmt":"2020-11-08T19:32:14","slug":"correction-des-devoirs","status":"publish","type":"page","link":"https:\/\/mathquiz.fr\/?page_id=148","title":{"rendered":"Correction des devoirs 2018-2019"},"content":{"rendered":"<h1><strong>Correction des devoirs :<\/strong><\/h1>\n<h2>DS1<\/h2>\n<ol><a href=\"https:\/\/mathquiz.fr\/wp-content\/uploads\/2019\/02\/DS1.pdf\" class=\"pdfemb-viewer\" style=\"\" data-width=\"max\" data-height=\"max\"  data-toolbar=\"bottom\" data-toolbar-fixed=\"off\">DS 1<br\/><\/a><\/ol>\n<p><span style=\"font-size: 1rem;\">Notions \u00e9tudi\u00e9es :<\/span><\/p>\n<p>&#8211; Suites g\u00e9om\u00e9triques<br \/>&#8211; Suites arthm\u00e9tico-g\u00e9om\u00e9triques<\/p>\n<p><a href=\"http:\/\/mathquiz.fr\/wp-content\/uploads\/2019\/02\/DS1.pdf\">T\u00e9l\u00e9charger DS1<\/a><\/p>\n<h2>DS2<\/h2>\n<a href=\"https:\/\/mathquiz.fr\/wp-content\/uploads\/2019\/02\/DS2.pdf\" class=\"pdfemb-viewer\" style=\"\" data-width=\"max\" data-height=\"max\"  data-toolbar=\"bottom\" data-toolbar-fixed=\"off\">DS2<br\/><\/a>\n<p>Notions \u00e9tudi\u00e9es :<br \/>&#8211; Analyse de fonctions<br \/>&#8211; TVI, convexit\u00e9<\/p>\n<p><a href=\"http:\/\/mathquiz.fr\/wp-content\/uploads\/2019\/02\/DS2.pdf\">T\u00e9l\u00e9charger DS 2<\/a><\/p>\n<h2>DS3<\/h2>\n<ol><a href=\"https:\/\/mathquiz.fr\/wp-content\/uploads\/2019\/02\/Correction-DS-3.pdf\" class=\"pdfemb-viewer\" style=\"\" data-width=\"max\" data-height=\"max\"  data-toolbar=\"bottom\" data-toolbar-fixed=\"off\">DS 3<br\/><\/a><\/ol>\n<p>Notions \u00e9tudi\u00e9es :<br \/>&#8211; Fonctions exponentielles<\/p>\n<p><a href=\"http:\/\/mathquiz.fr\/wp-content\/uploads\/2019\/02\/Correction-DS-3.pdf\">T\u00e9l\u00e9charger DS 3<\/a><\/p>\n<h2>DS4<\/h2>\n<ol><a href=\"https:\/\/mathquiz.fr\/wp-content\/uploads\/2019\/02\/DS4-corrig\u00e9.pdf\" class=\"pdfemb-viewer\" style=\"\" data-width=\"max\" data-height=\"max\"  data-toolbar=\"bottom\" data-toolbar-fixed=\"off\">DS4<br\/><\/a><\/ol>\n<p>Notions \u00e9tudi\u00e9es :<br \/>&#8211; Convexit\u00e9 \/ TVI<br \/>&#8211; Fonctions exponentielles<\/p>\n<p><a href=\"http:\/\/mathquiz.fr\/wp-content\/uploads\/2019\/02\/DS4-corrig\u00e9.pdf\">T\u00e9l\u00e9charger DS 4<\/a><\/p>\n<h2>DS5<\/h2>\n<ol><a href=\"https:\/\/mathquiz.fr\/wp-content\/uploads\/2019\/02\/DS5-corrig\u00e9.pdf\" class=\"pdfemb-viewer\" style=\"\" data-width=\"max\" data-height=\"max\"  data-toolbar=\"bottom\" data-toolbar-fixed=\"off\">DS5<br\/><\/a><\/ol>\n<p>Notions \u00e9tudi\u00e9es :<br \/>&#8211; Probabilit\u00e9s conditionnelles<br \/>&#8211; Variables al\u00e9atoires, lois de probabilit\u00e9s<br \/>&#8211; Loi binomiale<\/p>\n<p><a href=\"http:\/\/mathquiz.fr\/wp-content\/uploads\/2019\/02\/DS5-corrig\u00e9.pdf\">T\u00e9l\u00e9charger DS 5<\/a><\/p>\n<h2>DS6<\/h2>\n<h2><a href=\"https:\/\/mathquiz.fr\/wp-content\/uploads\/2019\/03\/DS6.pdf\" class=\"pdfemb-viewer\" style=\"\" data-width=\"max\" data-height=\"max\"  data-toolbar=\"bottom\" data-toolbar-fixed=\"off\">DS6<br\/><\/a><\/h2>\n<p>Notions \u00e9tudi\u00e9es :<br \/>&#8211; Fonction logarithme<\/p>\n<p><a href=\"http:\/\/mathquiz.fr\/wp-content\/uploads\/2019\/03\/DS6.pdf\">T\u00e9l\u00e9charger DS 6<\/a><\/p>\n<p>\u00a0<\/p>\n<h2>DS7<\/h2>\n<a href=\"https:\/\/mathquiz.fr\/wp-content\/uploads\/2019\/05\/Correction-DS-7.pdf\" class=\"pdfemb-viewer\" style=\"\" data-width=\"max\" data-height=\"max\"  data-toolbar=\"bottom\" data-toolbar-fixed=\"off\">Correction DS 7<br\/><\/a>\n<p>Notions \u00e9tudi\u00e9es :<br \/>&#8211; Probabilit\u00e9s conditionnelles<\/p>\n<p>&#8211; Probabilit\u00e9s continue<br \/>&#8211; \u00c9chantillonnage \/ Estimation<\/p>\n<p><a href=\"http:\/\/mathquiz.fr\/wp-content\/uploads\/2019\/05\/Correction-DS-7.pdf\">T\u00e9l\u00e9charger DS 7<\/a><\/p>\n<h1><strong>Correction des compos :<\/strong><\/h1>\n<h2>Compo 1<\/h2>\n<a href=\"https:\/\/mathquiz.fr\/wp-content\/uploads\/2019\/02\/corrige-compo.pdf\" class=\"pdfemb-viewer\" style=\"\" data-width=\"max\" data-height=\"max\"  data-toolbar=\"bottom\" data-toolbar-fixed=\"off\">Compo 1<br\/><\/a>\n<p>Notions \u00e9tudi\u00e9es :<br \/>&#8211; Suites arthm\u00e9tico-g\u00e9om\u00e9triques<br \/>&#8211; Convexit\u00e9 \/ TVI<br \/>&#8211; Analyse de fonctions<\/p>\n<p><a href=\"http:\/\/mathquiz.fr\/wp-content\/uploads\/2019\/02\/corrige-compo.pdf\">T\u00e9l\u00e9charger Compo 1<\/a><\/p>\n<h2>Compo 2<\/h2>\n<a href=\"https:\/\/mathquiz.fr\/wp-content\/uploads\/2019\/02\/Compo-2-corrig\u00e9-1-10.pdf\" class=\"pdfemb-viewer\" style=\"\" data-width=\"max\" data-height=\"max\"  data-toolbar=\"bottom\" data-toolbar-fixed=\"off\">Compo 2 corrig\u00e9-1-10<br\/><\/a>\n<p>Notions \u00e9tudi\u00e9es :<\/p>\n<p>&#8211; Fonction exponentielles<br \/>&#8211; Probabilit\u00e9s conditionnelles<br \/>&#8211; Convexit\u00e9 \/ TVI<br \/>&#8211; Analyse de fonctions<br \/>&#8211; Graphes et matrices (sp\u00e9)<\/p>\n<p><a href=\"http:\/\/mathquiz.fr\/wp-content\/uploads\/2019\/02\/Compo-2-corrig\u00e9-1-10.pdf\">T\u00e9l\u00e9charger Compo 2<\/a><\/p>\n<h2>Compo 3<\/h2>\n<a href=\"https:\/\/mathquiz.fr\/wp-content\/uploads\/2019\/05\/compo-3-sujet-et-corrig\u00e9_compressed.pdf\" class=\"pdfemb-viewer\" style=\"\" data-width=\"max\" data-height=\"max\"  data-toolbar=\"bottom\" data-toolbar-fixed=\"off\">compo 3 sujet et corrig\u00e9_compressed<br\/><\/a>\n<p>Notions \u00e9tudi\u00e9es :<\/p>\n<p>&#8211; Fonctions, TVI, int\u00e9grales<br \/>&#8211; Probabilit\u00e9s conditionnelles<br \/>&#8211; Suites arith\u00e9tico-g\u00e9om\u00e9triques<br \/>&#8211; Graphes et matrices (sp\u00e9)<\/p>\n<p><a href=\"http:\/\/mathquiz.fr\/wp-content\/uploads\/2019\/05\/compo-3-sujet-et-corrig\u00e9_compressed.pdf\">T\u00e9l\u00e9charger Compo 3<\/a><\/p>\n\n\n<p><\/p>\n","protected":false},"excerpt":{"rendered":"<p>Correction des devoirs : DS1 Notions \u00e9tudi\u00e9es : &#8211; Suites g\u00e9om\u00e9triques&#8211; Suites arthm\u00e9tico-g\u00e9om\u00e9triques T\u00e9l\u00e9charger DS1 DS2 Notions \u00e9tudi\u00e9es :&#8211; Analyse de fonctions&#8211; TVI, convexit\u00e9 T\u00e9l\u00e9charger DS 2 DS3 Notions \u00e9tudi\u00e9es :&#8211; Fonctions exponentielles T\u00e9l\u00e9charger DS[&#8230;]<\/p>\n","protected":false},"author":1,"featured_media":0,"parent":202,"menu_order":0,"comment_status":"closed","ping_status":"closed","template":"","meta":[],"_links":{"self":[{"href":"https:\/\/mathquiz.fr\/index.php?rest_route=\/wp\/v2\/pages\/148"}],"collection":[{"href":"https:\/\/mathquiz.fr\/index.php?rest_route=\/wp\/v2\/pages"}],"about":[{"href":"https:\/\/mathquiz.fr\/index.php?rest_route=\/wp\/v2\/types\/page"}],"author":[{"embeddable":true,"href":"https:\/\/mathquiz.fr\/index.php?rest_route=\/wp\/v2\/users\/1"}],"replies":[{"embeddable":true,"href":"https:\/\/mathquiz.fr\/index.php?rest_route=%2Fwp%2Fv2%2Fcomments&post=148"}],"version-history":[{"count":16,"href":"https:\/\/mathquiz.fr\/index.php?rest_route=\/wp\/v2\/pages\/148\/revisions"}],"predecessor-version":[{"id":1266,"href":"https:\/\/mathquiz.fr\/index.php?rest_route=\/wp\/v2\/pages\/148\/revisions\/1266"}],"up":[{"embeddable":true,"href":"https:\/\/mathquiz.fr\/index.php?rest_route=\/wp\/v2\/pages\/202"}],"wp:attachment":[{"href":"https:\/\/mathquiz.fr\/index.php?rest_route=%2Fwp%2Fv2%2Fmedia&parent=148"}],"curies":[{"name":"wp","href":"https:\/\/api.w.org\/{rel}","templated":true}]}}