{"id":24,"date":"2018-07-19T17:36:39","date_gmt":"2018-07-19T15:36:39","guid":{"rendered":"http:\/\/mathquiz.fr\/?page_id=24"},"modified":"2020-10-22T14:10:48","modified_gmt":"2020-10-22T12:10:48","slug":"t-es-l","status":"publish","type":"page","link":"https:\/\/mathquiz.fr\/?page_id=24","title":{"rendered":"T ES\/L : Quiz"},"content":{"rendered":"<ul class=\"su-subpages\"><li class=\"page_item page-item-36\"><a href=\"https:\/\/mathquiz.fr\/?page_id=36\">Suites arithm\u00e9tico-g\u00e9om\u00e9triques<\/a><\/li>\n<li class=\"page_item page-item-38\"><a href=\"https:\/\/mathquiz.fr\/?page_id=38\">Convexit\u00e9 \/ continuit\u00e9<\/a><\/li>\n<li class=\"page_item page-item-40\"><a href=\"https:\/\/mathquiz.fr\/?page_id=40\">Fonctions exponentielles<\/a><\/li>\n<li class=\"page_item page-item-42\"><a href=\"https:\/\/mathquiz.fr\/?page_id=42\">Probabilit\u00e9 conditionnelle<\/a><\/li>\n<li class=\"page_item page-item-44\"><a href=\"https:\/\/mathquiz.fr\/?page_id=44\">Int\u00e9grales<\/a><\/li>\n<li class=\"page_item page-item-46\"><a href=\"https:\/\/mathquiz.fr\/?page_id=46\">Fonction logarithme n\u00e9perien<\/a><\/li>\n<li class=\"page_item page-item-48\"><a href=\"https:\/\/mathquiz.fr\/?page_id=48\">Probabilit\u00e9 \u00e0 densit\u00e9<\/a><\/li>\n<li class=\"page_item page-item-15\"><a href=\"https:\/\/mathquiz.fr\/?page_id=15\">Echantillonnage \/ estimation<\/a><\/li>\n<\/ul>\n","protected":false},"excerpt":{"rendered":"","protected":false},"author":1,"featured_media":0,"parent":202,"menu_order":0,"comment_status":"closed","ping_status":"closed","template":"","meta":[],"_links":{"self":[{"href":"https:\/\/mathquiz.fr\/index.php?rest_route=\/wp\/v2\/pages\/24"}],"collection":[{"href":"https:\/\/mathquiz.fr\/index.php?rest_route=\/wp\/v2\/pages"}],"about":[{"href":"https:\/\/mathquiz.fr\/index.php?rest_route=\/wp\/v2\/types\/page"}],"author":[{"embeddable":true,"href":"https:\/\/mathquiz.fr\/index.php?rest_route=\/wp\/v2\/users\/1"}],"replies":[{"embeddable":true,"href":"https:\/\/mathquiz.fr\/index.php?rest_route=%2Fwp%2Fv2%2Fcomments&post=24"}],"version-history":[{"count":10,"href":"https:\/\/mathquiz.fr\/index.php?rest_route=\/wp\/v2\/pages\/24\/revisions"}],"predecessor-version":[{"id":1127,"href":"https:\/\/mathquiz.fr\/index.php?rest_route=\/wp\/v2\/pages\/24\/revisions\/1127"}],"up":[{"embeddable":true,"href":"https:\/\/mathquiz.fr\/index.php?rest_route=\/wp\/v2\/pages\/202"}],"wp:attachment":[{"href":"https:\/\/mathquiz.fr\/index.php?rest_route=%2Fwp%2Fv2%2Fmedia&parent=24"}],"curies":[{"name":"wp","href":"https:\/\/api.w.org\/{rel}","templated":true}]}}