{"id":851,"date":"2020-10-09T10:18:39","date_gmt":"2020-10-09T08:18:39","guid":{"rendered":"http:\/\/mathquiz.fr\/?page_id=851"},"modified":"2020-11-08T20:23:30","modified_gmt":"2020-11-08T19:23:30","slug":"programmation-en-python","status":"publish","type":"page","link":"https:\/\/mathquiz.fr\/?page_id=851","title":{"rendered":"Programmation en Python"},"content":{"rendered":"\n<hr class=\"wp-block-separator\"\/>\n\n\n\n<p>Afin de suivi le cours\/TD plus agr\u00e9able, je vous conseille de lire le guide vid\u00e9o disponible en cliquant sur l&rsquo;image ci-dessous. Vous pouvez par ailleurs optimiser votre espace de travail en ouvrant une fen\u00eatre consacr\u00e9 au guide vid\u00e9o et une autre \u00e0 la lecture de cette page web.<\/p>\n\n\n\n<div class=\"wp-block-image\"><figure class=\"aligncenter size-large\"><a href=\"https:\/\/www.youtube.com\/watch?v=OUZIDrurC6A\" target=\"_blank\" rel=\"noopener noreferrer\"><img loading=\"lazy\" width=\"640\" height=\"446\" src=\"http:\/\/mathquiz.fr\/wp-content\/uploads\/2020\/11\/log.png\" alt=\"\" class=\"wp-image-1197\" srcset=\"https:\/\/mathquiz.fr\/wp-content\/uploads\/2020\/11\/log.png 640w, https:\/\/mathquiz.fr\/wp-content\/uploads\/2020\/11\/log-300x209.png 300w, https:\/\/mathquiz.fr\/wp-content\/uploads\/2020\/11\/log-370x258.png 370w\" sizes=\"(max-width: 640px) 100vw, 640px\" \/><\/a><\/figure><\/div>\n\n\n\n<hr class=\"wp-block-separator\"\/>\n\n\n\n<p>Le mot <span class=\"has-inline-color has-vivid-red-color\">infor<\/span><span class=\"has-inline-color has-black-color\">m<\/span><span class=\"has-inline-color has-vivid-green-cyan-color\">atique<\/span> peut se d\u00e9composer en deux mots.<\/p>\n\n\n\n<p>Il est compos\u00e9 du mot information et du mot automatique.<\/p>\n\n\n\n<p>Bri\u00e8vement,&nbsp;l\u2019informatique c\u2019est de le traitement de l\u2019information trait\u00e9e de mani\u00e8re automatique.<\/p>\n\n\n\n<p>Les deux machines les plus populaires qui traitent automatiquement l&rsquo;information sont l&rsquo;ordinateur et le t\u00e9l\u00e9phone portable.<\/p>\n\n\n\n<p>Afin que la machine puisse trait\u00e9e l\u2019information, il est important qu\u2019elle puisse communiquer avec un utilisateur pour r\u00e9pondre \u00e0 ses besoins ou encore avec une autre machine afin de maintenir des services comme le r\u00e9seau internet.<\/p>\n\n\n\n<p>Pour mettre en place cette communication entre l\u2019homme et la machine ou de la machine avec la machine. La machine qui traite l\u2019information doit conna\u00eetre certaines r\u00e8gles afin de pouvoir trait\u00e9e correctement les informations qu\u2019elle re\u00e7oit.<\/p>\n\n\n\n<p>Certains historien attribue le d\u00e9but de l\u2019informatique d\u00fb \u00e0 l\u2019invention de la pascaline, machine \u00e0 calculer cr\u00e9er en 1652 par Blaise Pascal. A l\u2019aide d\u2019un syst\u00e8me de rouages, cette machine permet de calculer automatiquement le r\u00e9sultat d\u2019une op\u00e9ration, l\u2019utilisateur saisit les nombres qu\u2019il souhaite voient op\u00e9r\u00e9e et la machine lui renvoie le r\u00e9sultat.<\/p>\n\n\n\n<figure class=\"wp-block-embed-youtube wp-block-embed is-type-rich is-provider-prise-en-charge-des-contenus-embarques wp-embed-aspect-16-9 wp-has-aspect-ratio\"><div class=\"wp-block-embed__wrapper\">\n<iframe title=\"Additionner avec la r\u00e9plique de la Pascaline 1645\" width=\"1040\" height=\"585\" src=\"https:\/\/www.youtube.com\/embed\/GX4RQK__fQc?feature=oembed\" frameborder=\"0\" allow=\"accelerometer; autoplay; clipboard-write; encrypted-media; gyroscope; picture-in-picture\" allowfullscreen><\/iframe>\n<\/div><\/figure>\n\n\n\n<p>Pendant la seconde guerre mondiale, la machine de Turing ayant pour but de d\u00e9crypter les messages \u00e9mis par les Nazis, comportant des ordres militaires, est une machine \u00e0 rouage \u00e9galement. Cependant elle s\u2019appuie sur une \u00e9nergie que Blaise Pascal ne disposer pas. L\u2019\u00e9lectricit\u00e9.<\/p>\n\n\n\n<figure class=\"wp-block-image size-large\"><img loading=\"lazy\" width=\"1024\" height=\"497\" src=\"http:\/\/mathquiz.fr\/wp-content\/uploads\/2020\/10\/the-imitation-game-the-machine-turing-computer-1024x497.jpg\" alt=\"\" class=\"wp-image-1137\" srcset=\"https:\/\/mathquiz.fr\/wp-content\/uploads\/2020\/10\/the-imitation-game-the-machine-turing-computer-1024x497.jpg 1024w, https:\/\/mathquiz.fr\/wp-content\/uploads\/2020\/10\/the-imitation-game-the-machine-turing-computer-300x146.jpg 300w, https:\/\/mathquiz.fr\/wp-content\/uploads\/2020\/10\/the-imitation-game-the-machine-turing-computer-768x373.jpg 768w, https:\/\/mathquiz.fr\/wp-content\/uploads\/2020\/10\/the-imitation-game-the-machine-turing-computer-1536x746.jpg 1536w, https:\/\/mathquiz.fr\/wp-content\/uploads\/2020\/10\/the-imitation-game-the-machine-turing-computer-370x180.jpg 370w, https:\/\/mathquiz.fr\/wp-content\/uploads\/2020\/10\/the-imitation-game-the-machine-turing-computer-1040x505.jpg 1040w, https:\/\/mathquiz.fr\/wp-content\/uploads\/2020\/10\/the-imitation-game-the-machine-turing-computer.jpg 1600w\" sizes=\"(max-width: 1024px) 100vw, 1024px\" \/><figcaption>R\u00e9plique de la machine de Turing dans le film Imitation game.<\/figcaption><\/figure>\n\n\n\n<p>Avec la cr\u00e9ation du transistor en 1948.<\/p>\n\n\n\n<figure class=\"wp-block-image size-large\"><img loading=\"lazy\" width=\"1024\" height=\"858\" src=\"http:\/\/mathquiz.fr\/wp-content\/uploads\/2020\/10\/1280px-Transistors.agr_-1024x858.jpg\" alt=\"\" class=\"wp-image-1138\" srcset=\"https:\/\/mathquiz.fr\/wp-content\/uploads\/2020\/10\/1280px-Transistors.agr_-1024x858.jpg 1024w, https:\/\/mathquiz.fr\/wp-content\/uploads\/2020\/10\/1280px-Transistors.agr_-300x251.jpg 300w, https:\/\/mathquiz.fr\/wp-content\/uploads\/2020\/10\/1280px-Transistors.agr_-768x644.jpg 768w, https:\/\/mathquiz.fr\/wp-content\/uploads\/2020\/10\/1280px-Transistors.agr_-370x310.jpg 370w, https:\/\/mathquiz.fr\/wp-content\/uploads\/2020\/10\/1280px-Transistors.agr_-1040x872.jpg 1040w, https:\/\/mathquiz.fr\/wp-content\/uploads\/2020\/10\/1280px-Transistors.agr_.jpg 1280w\" sizes=\"(max-width: 1024px) 100vw, 1024px\" \/><figcaption>(source wikip\u00e9dia)<\/figcaption><\/figure>\n\n\n\n<p> et le d\u00e9veloppement de l\u2019\u00e9lectronique, sont les inventions \u00e0 l\u2019origine de notre informatique moderne.<\/p>\n\n\n\n<p>Les r\u00e8gles ou plut\u00f4t les instructions connues par la machine pour permettre leurs bonne ex\u00e9cutions sont actuellement \u00e9crites par un d\u00e9veloppeur informatique qui d\u00e9taille ce que la machine doit faire suivant les informations qu\u2019elle r\u00e9cup\u00e8re. C\u2019est part ce travail que l\u2019on con\u00e7oit les syst\u00e8mes d\u2019exploitations, applications, jeux vid\u00e9os, logiciels. Pour que le d\u00e9veloppeur puisse transmettre de ses instructions \u00e0 la machine, ils utilisent tous les deux un langage qu\u2019il comprenne. Ce langage est appel\u00e9 langage de programmation. Il existe un nombre consid\u00e9rable de langage de programmation. Dans ce cours de science num\u00e9rique, nous allons travaill\u00e9 avec le langage de programmation python.<\/p>\n\n\n\n<p>Pour apprendre ce langage, vous aurez acc\u00e8s au cours ainsi qu\u2019a un guide vid\u00e9o pour le suivre. Il nous vous reste plus qu\u2019a cliquer sur le bouton suite du cours pour commencer.<\/p>\n\n\n<div class=\"su-button-center\"><a href=\"http:\/\/mathquiz.fr\/?page_id=857\" class=\"su-button su-button-style-3d\" style=\"color:#FFFFFF;background-color:#2D89EF;border-color:#246ec0;border-radius:9px\" target=\"_self\"><span style=\"color:#FFFFFF;padding:0px 24px;font-size:18px;line-height:36px;border-color:#6cadf4;border-radius:9px;text-shadow:none\"> Suite du cous<\/span><\/a><\/div>\n","protected":false},"excerpt":{"rendered":"<p>Afin de suivi le cours\/TD plus agr\u00e9able, je vous conseille de lire le guide vid\u00e9o disponible en cliquant sur l&rsquo;image ci-dessous. Vous pouvez par ailleurs optimiser votre espace de travail en ouvrant une fen\u00eatre consacr\u00e9[&#8230;]<\/p>\n","protected":false},"author":1,"featured_media":0,"parent":890,"menu_order":0,"comment_status":"closed","ping_status":"closed","template":"","meta":[],"_links":{"self":[{"href":"https:\/\/mathquiz.fr\/index.php?rest_route=\/wp\/v2\/pages\/851"}],"collection":[{"href":"https:\/\/mathquiz.fr\/index.php?rest_route=\/wp\/v2\/pages"}],"about":[{"href":"https:\/\/mathquiz.fr\/index.php?rest_route=\/wp\/v2\/types\/page"}],"author":[{"embeddable":true,"href":"https:\/\/mathquiz.fr\/index.php?rest_route=\/wp\/v2\/users\/1"}],"replies":[{"embeddable":true,"href":"https:\/\/mathquiz.fr\/index.php?rest_route=%2Fwp%2Fv2%2Fcomments&post=851"}],"version-history":[{"count":9,"href":"https:\/\/mathquiz.fr\/index.php?rest_route=\/wp\/v2\/pages\/851\/revisions"}],"predecessor-version":[{"id":1258,"href":"https:\/\/mathquiz.fr\/index.php?rest_route=\/wp\/v2\/pages\/851\/revisions\/1258"}],"up":[{"embeddable":true,"href":"https:\/\/mathquiz.fr\/index.php?rest_route=\/wp\/v2\/pages\/890"}],"wp:attachment":[{"href":"https:\/\/mathquiz.fr\/index.php?rest_route=%2Fwp%2Fv2%2Fmedia&parent=851"}],"curies":[{"name":"wp","href":"https:\/\/api.w.org\/{rel}","templated":true}]}}