{"id":857,"date":"2020-10-09T10:22:27","date_gmt":"2020-10-09T08:22:27","guid":{"rendered":"http:\/\/mathquiz.fr\/?page_id=857"},"modified":"2020-11-08T20:24:17","modified_gmt":"2020-11-08T19:24:17","slug":"variables-types-de-variables-lecture-ecriture","status":"publish","type":"page","link":"https:\/\/mathquiz.fr\/?page_id=857","title":{"rendered":"Variables, types de variables, lecture, \u00e9criture (Partie 1\/2)"},"content":{"rendered":"\n<hr class=\"wp-block-separator\"\/>\n\n\n\n<p>Afin de suivi le cours\/TD plus agr\u00e9able, je vous conseille de lire le guide vid\u00e9o disponible en cliquant sur l&rsquo;image ci-dessous. Vous pouvez par ailleurs optimiser votre espace de travail en ouvrant une fen\u00eatre consacr\u00e9 au guide vid\u00e9o et une autre \u00e0 la lecture de cette page web.<\/p>\n\n\n\n<div class=\"wp-block-image\"><figure class=\"aligncenter size-large\"><a href=\"https:\/\/www.youtube.com\/watch?v=BqiqK0yTc0A\" target=\"_blank\" rel=\"noopener noreferrer\"><img loading=\"lazy\" width=\"640\" height=\"446\" src=\"http:\/\/mathquiz.fr\/wp-content\/uploads\/2020\/11\/log.png\" alt=\"\" class=\"wp-image-1197\" srcset=\"https:\/\/mathquiz.fr\/wp-content\/uploads\/2020\/11\/log.png 640w, https:\/\/mathquiz.fr\/wp-content\/uploads\/2020\/11\/log-300x209.png 300w, https:\/\/mathquiz.fr\/wp-content\/uploads\/2020\/11\/log-370x258.png 370w\" sizes=\"(max-width: 640px) 100vw, 640px\" \/><\/a><\/figure><\/div>\n\n\n\n<hr class=\"wp-block-separator\"\/>\n\n\n\n<p>Pour qu&rsquo;une machine puisse communiquer avec son utilisateur, il est important qu&rsquo;elle puisse interagir avec ce dernier. Pour cela, il faut que la machine puisse afficher de l&rsquo;information pour guider l&rsquo;utilisateur. Pour mener une interaction, il faut que l&rsquo;utilisateur envoie des informations vers cette machine. Ces informations doivent \u00eatre stock\u00e9e en m\u00e9moire, afin qu&rsquo;elles puissent \u00eatre trait\u00e9es par la machine. Une fois le traitement de cette information, ou des informations saisit par l&rsquo;utilisateur, la machine affiche un r\u00e9sultat qui informe l&rsquo;utilisateur. Ce principe de communication entre l&rsquo;homme et la machine est la base de l&rsquo;informatique.<\/p>\n\n\n\n<p>Dans cette partie, nous allons donc voir comment cela se programme en langage de programmation python. <\/p>\n\n\n\n<p><strong><span class=\"has-inline-color has-vivid-red-color\">1. \u00c9criture\/flux de sortie<\/span><\/strong><\/p>\n\n\n\n<p>L\u2019instruction&nbsp;print(\u201cMon texte\u201d)&nbsp;permet d\u2019afficher le texte Mon texte dans la console python.&nbsp;Ex\u00e9cuter le programme ci-dessous pour observer ce qu&rsquo;il fait, en appuyant sur le triangle vert.<\/p>\n\n\n<iframe frameborder=\"0\" width=\"100%\" height=\"400px\" src=\"https:\/\/create.withcode.uk\/embed\/BrZ\"><a target=\"_blank\" href=\"https:\/\/create.withcode.uk\/python\/BrZ\">create.withcode.uk<\/a><\/iframe>\n\n\n\n<p>L&rsquo;endroit o\u00f9 s&rsquo;affiche le r\u00e9sultat est appel\u00e9<strong> console d\u2019ex\u00e9cution <\/strong>ou dans le cas particulier du python est aussi appel\u00e9 <strong>l&rsquo;interpr\u00e9teur<\/strong>. L&rsquo;endroit o\u00f9 vous saisissez votre programme est appel\u00e9 <strong>\u00e9diteur de texte<\/strong>.<\/p>\n\n\n\n<p>Maintenant changer le texte si situant entre les guillemets. Par un texte de votre choix. Vous observez que vous avez saisit correspond au texte que vous avez \u00e9crit.<\/p>\n\n\n\n<p><strong>print&nbsp;<\/strong>est l\u2019instruction qui permet d\u2019afficher du texte sur l\u2019\u00e9cran. Le texte est mis entre parenth\u00e8ses&nbsp;et entre guillemets. Le texte entre guillemets&nbsp;est une&nbsp;<strong>cha\u00eene de caract\u00e8res<\/strong>.&nbsp;C&rsquo;est l&rsquo;information que prend l&rsquo;instruction<strong> print<\/strong>.<\/p>\n\n\n\n<p>On dit que l\u2019ordinateur&nbsp;\u00e9crit&nbsp;de l\u2019information. Cette information est un <strong>flux de&nbsp;sortie<\/strong>&nbsp;car elle va de l\u2019ordinateur vers l\u2019\u00e9cran.&nbsp;<\/p>\n\n\n\n<p>Exer\u00e7ons-nous avec cette instruction, dans deux exercices \ud83d\ude09<\/p>\n\n\n\n<hr class=\"wp-block-separator\"\/>\n\n\n\n<p><em><strong>Exercice 1<\/strong>&nbsp;<\/em><\/p>\n\n\n\n<figure class=\"wp-block-table\"><table><tbody><tr><td><strong>En vous inspirant de l\u2019exemple ci-dessus. Afficher dans la console python le texte : Hello World !<\/strong>&nbsp;(En utilisant l&rsquo;\u00e9diteur ci-dessous)<\/td><\/tr><\/tbody><\/table><\/figure>\n\n\n<iframe frameborder=\"0\" width=\"100%\" height=\"400px\" src=\"https:\/\/create.withcode.uk\/embed\/5\"><a target=\"_blank\" href=\"https:\/\/create.withcode.uk\/python\/5\">create.withcode.uk<\/a><\/iframe>\n\n\n<div class=\"su-spoiler su-spoiler-style-default su-spoiler-icon-plus su-spoiler-closed\" data-scroll-offset=\"0\" data-anchor-in-url=\"no\"><div class=\"su-spoiler-title\" tabindex=\"0\" role=\"button\"><span class=\"su-spoiler-icon\"><\/span>Cliquer sur le + pour obtenir la r\u00e9ponse :<\/div><div class=\"su-spoiler-content su-u-clearfix su-u-trim\"><iframe frameborder=\"0\" width=\"100%\" height=\"400px\" src=\"https:\/\/create.withcode.uk\/embed\/Bra\"><a target=\"_blank\" href=\"https:\/\/create.withcode.uk\/python\/Bra\">create.withcode.uk<\/a><\/iframe><\/div><\/div>\n\n\n\n<p><em><strong>Exercice&nbsp;2<\/strong>&nbsp;<\/em><\/p>\n\n\n\n<div class=\"wp-block-group\"><div class=\"wp-block-group__inner-container\">\n<p><strong>En vous inspirant de l\u2019exemple ci-dessus. Afficher dans la console python le texte&nbsp;(en prenant en compte&nbsp;les sauts&nbsp;de ligne)&nbsp; (En utilisant l&rsquo;\u00e9diteur ci-dessous) :<\/strong>&nbsp; &nbsp;<br>Quisque eleifend elit nec odio malesuada, in tristique elit tristique.<\/p>\n\n\n\n<p>Proin&nbsp;malesuada&nbsp;risus&nbsp;id&nbsp;iaculis&nbsp;pharetra.&nbsp; <\/p>\n\n\n\n<p>Aenean&nbsp;bibendum&nbsp;leo&nbsp;quis&nbsp;justo&nbsp;faucibus, id&nbsp;condimentum&nbsp;arcu&nbsp;euismod.&nbsp; <\/p>\n\n\n\n<p>Sed semper&nbsp;purus&nbsp;at&nbsp;fringilla&nbsp;interdum<\/p>\n<\/div><\/div>\n\n\n<iframe frameborder=\"0\" width=\"100%\" height=\"400px\" src=\"https:\/\/create.withcode.uk\/embed\/5\"><a target=\"_blank\" href=\"https:\/\/create.withcode.uk\/python\/5\">create.withcode.uk<\/a><\/iframe>\n\n\n<div class=\"su-spoiler su-spoiler-style-default su-spoiler-icon-plus su-spoiler-closed\" data-scroll-offset=\"0\" data-anchor-in-url=\"no\"><div class=\"su-spoiler-title\" tabindex=\"0\" role=\"button\"><span class=\"su-spoiler-icon\"><\/span>Cliquer sur le + pour obtenir la r\u00e9ponse :<\/div><div class=\"su-spoiler-content su-u-clearfix su-u-trim\"><iframe frameborder=\"0\" width=\"100%\" height=\"400px\" src=\"https:\/\/create.withcode.uk\/embed\/Brb\"><a target=\"_blank\" href=\"https:\/\/create.withcode.uk\/python\/Brb\">create.withcode.uk<\/a><\/iframe><\/div><\/div>\n\n\n\n<p><strong>Remarque :&nbsp;<\/strong>ajouter&nbsp;<strong>\\n<\/strong>&nbsp;dans une chaine de caract\u00e8re permet d\u2019\u00e9tablir un saut de ligne.&nbsp;<\/p>\n\n\n<div class=\"su-spoiler su-spoiler-style-default su-spoiler-icon-plus su-spoiler-closed\" data-scroll-offset=\"0\" data-anchor-in-url=\"no\"><div class=\"su-spoiler-title\" tabindex=\"0\" role=\"button\"><span class=\"su-spoiler-icon\"><\/span>Cliquer sur le + pour obtenir la solution avec le \n :<\/div><div class=\"su-spoiler-content su-u-clearfix su-u-trim\"><iframe frameborder=\"0\" width=\"100%\" height=\"400px\" src=\"https:\/\/create.withcode.uk\/embed\/Brc\"><a target=\"_blank\" href=\"https:\/\/create.withcode.uk\/python\/Brc\">create.withcode.uk<\/a><\/iframe><\/div><\/div>\n\n\n\n<hr class=\"wp-block-separator\"\/>\n\n\n\n<p><span class=\"has-inline-color has-vivid-red-color\"><strong>2. Les variables informatiques<\/strong><\/span><\/p>\n\n\n\n<p>Pour stocker de l\u2019information sur un ordinateur, nous avons besoin d\u2019un \u201coutil\u201d qui s\u2019appelle variable.&nbsp;<\/p>\n\n\n\n<p>Une variable \u00e0 plusieurs r\u00f4les :&nbsp;<\/p>\n\n\n\n<ol><li>Elle stocke de l\u2019information. Cette information est stock\u00e9e dans la m\u00e9moire RAM \u00e0 une adresse m\u00e9moire. <\/li><li>Elle a un type. Cette information peut \u00eatre :<ul><li>Un nombre entier (type :&nbsp;int).&nbsp;<\/li><li>Un nombre d\u00e9cimal (type :&nbsp;float).&nbsp;<\/li><li>Une chaine de caract\u00e8re (du texte) (type :&nbsp;str).&nbsp;&nbsp;<\/li><li>Etc&nbsp;<\/li><\/ul><\/li><li>La variable est d\u00e9finie par un nom. Elle peut \u00eatre appel\u00e9e&nbsp;dans un programme et peut \u00e9voluer au cours du programme. C&rsquo;est-\u00e0-dire qu\u2019elle poss\u00e8de le m\u00eame espace de stockage dans la m\u00e9moire RAM, mais&nbsp;l\u2019information stock\u00e9e dans cette espace peut-\u00eatre modifier au cours du programme. Par convention d\u2019\u00e9criture&nbsp;:&nbsp;le nom d\u2019une variable commence toujours par une minuscule, sans espace et sans accent.&nbsp;<\/li><\/ol>\n\n\n\n<figure class=\"wp-block-image size-large\"><img loading=\"lazy\" width=\"640\" height=\"480\" src=\"http:\/\/mathquiz.fr\/wp-content\/uploads\/2020\/10\/640px-Elixir_M2U51264DS8HC3G-5T_20060320.jpg\" alt=\"\" class=\"wp-image-964\" srcset=\"https:\/\/mathquiz.fr\/wp-content\/uploads\/2020\/10\/640px-Elixir_M2U51264DS8HC3G-5T_20060320.jpg 640w, https:\/\/mathquiz.fr\/wp-content\/uploads\/2020\/10\/640px-Elixir_M2U51264DS8HC3G-5T_20060320-300x225.jpg 300w, https:\/\/mathquiz.fr\/wp-content\/uploads\/2020\/10\/640px-Elixir_M2U51264DS8HC3G-5T_20060320-370x278.jpg 370w\" sizes=\"(max-width: 640px) 100vw, 640px\" \/><figcaption><em>Image de barrettes de RAM. <em>(source Wikip\u00e9dia)<\/em><\/em>. <em>C&rsquo;est dans cet espace stockage que sont sauvegard\u00e9es les valeurs de vos variables.<\/em><\/figcaption><\/figure>\n\n\n\n<p>Pour affecter une information \u00e0 une variable on utilise en python le signe<span class=\"has-inline-color has-vivid-red-color\">&nbsp;=<\/span><span class=\"has-inline-color has-black-color\">.<\/span> <strong>Ce dernier est diff\u00e9rent du = math\u00e9matique.&nbsp;<\/strong><\/p>\n\n\n\n<p>Pour mieux comprendre son fonctionnement, nous allons \u00e9tudier quelques exemples.<\/p>\n\n\n\n<p><strong>Exemple 1 :<\/strong>&nbsp;<\/p>\n\n\n\n<p>prenom=\u201dMichel\u201d&nbsp;<\/p>\n\n\n\n<p>Le nom de la variable est&nbsp;prenom. Un espace de stockage se cr\u00e9er dans la m\u00e9moire RAM associ\u00e9 \u00e0 la variable&nbsp;prenom. On affecte&nbsp;la variable&nbsp;de type <strong>cha\u00eene de caract\u00e8res <\/strong>\u201cMichel\u201d (de type <strong>str<\/strong>) \u00e0 la variable&nbsp;prenom. Le texte Michel est stock\u00e9 dans l\u2019espace m\u00e9moire RAM d\u00e9di\u00e9 \u00e0 la variable&nbsp;prenom.&nbsp;<\/p>\n\n\n\n<figure class=\"wp-block-image size-large\"><img loading=\"lazy\" width=\"800\" height=\"500\" src=\"http:\/\/mathquiz.fr\/wp-content\/uploads\/2020\/10\/var1.png\" alt=\"\" class=\"wp-image-969\" srcset=\"https:\/\/mathquiz.fr\/wp-content\/uploads\/2020\/10\/var1.png 800w, https:\/\/mathquiz.fr\/wp-content\/uploads\/2020\/10\/var1-300x188.png 300w, https:\/\/mathquiz.fr\/wp-content\/uploads\/2020\/10\/var1-768x480.png 768w, https:\/\/mathquiz.fr\/wp-content\/uploads\/2020\/10\/var1-370x231.png 370w\" sizes=\"(max-width: 800px) 100vw, 800px\" \/><\/figure>\n\n\n\n<p><strong>Exemple&nbsp;2&nbsp;:<\/strong>&nbsp;<\/p>\n\n\n\n<p>&nbsp;age=16&nbsp;<\/p>\n\n\n\n<p>Le nom de la variable est&nbsp;age. Un espace de stockage se cr\u00e9er&nbsp;dans la m\u00e9moire RAM associ\u00e9&nbsp;\u00e0 la variable&nbsp;age. On affecte la variable&nbsp;age&nbsp;un&nbsp;type&nbsp;de variable&nbsp;<strong>entier<\/strong> (type <strong>int)<\/strong>&nbsp;ayant comme valeur&nbsp;16. Le valeur 16 est stock\u00e9e dans l\u2019espace m\u00e9moire RAM d\u00e9di\u00e9 \u00e0 la variable&nbsp;age.&nbsp;<\/p>\n\n\n\n<figure class=\"wp-block-image size-large\"><img loading=\"lazy\" width=\"800\" height=\"500\" src=\"http:\/\/mathquiz.fr\/wp-content\/uploads\/2020\/10\/var2-1.png\" alt=\"\" class=\"wp-image-972\" srcset=\"https:\/\/mathquiz.fr\/wp-content\/uploads\/2020\/10\/var2-1.png 800w, https:\/\/mathquiz.fr\/wp-content\/uploads\/2020\/10\/var2-1-300x188.png 300w, https:\/\/mathquiz.fr\/wp-content\/uploads\/2020\/10\/var2-1-768x480.png 768w, https:\/\/mathquiz.fr\/wp-content\/uploads\/2020\/10\/var2-1-370x231.png 370w\" sizes=\"(max-width: 800px) 100vw, 800px\" \/><\/figure>\n\n\n\n<p><strong>Exemple&nbsp;3&nbsp;:<\/strong>&nbsp;<\/p>\n\n\n\n<p>&nbsp;masse=75.4&nbsp;<\/p>\n\n\n\n<p>Le nom de la variable est&nbsp;masse. Un espace de stockage se cr\u00e9er&nbsp;dans la m\u00e9moire RAM associ\u00e9&nbsp;\u00e0 la variable&nbsp;masse. On affecte la variable&nbsp;age&nbsp;un&nbsp;type&nbsp;de variable&nbsp;<strong>flottante<\/strong>, nombre d\u00e9cimal (type <strong>float)<\/strong>&nbsp;ayant comme valeur&nbsp;75.4. Le valeur 75.4 est stock\u00e9e dans l\u2019espace m\u00e9moire RAM d\u00e9di\u00e9 \u00e0 la variable&nbsp;masse.&nbsp;<\/p>\n\n\n\n<figure class=\"wp-block-image size-large\"><img loading=\"lazy\" width=\"800\" height=\"500\" src=\"http:\/\/mathquiz.fr\/wp-content\/uploads\/2020\/10\/var3.png\" alt=\"\" class=\"wp-image-976\" srcset=\"https:\/\/mathquiz.fr\/wp-content\/uploads\/2020\/10\/var3.png 800w, https:\/\/mathquiz.fr\/wp-content\/uploads\/2020\/10\/var3-300x188.png 300w, https:\/\/mathquiz.fr\/wp-content\/uploads\/2020\/10\/var3-768x480.png 768w, https:\/\/mathquiz.fr\/wp-content\/uploads\/2020\/10\/var3-370x231.png 370w\" sizes=\"(max-width: 800px) 100vw, 800px\" \/><\/figure>\n\n\n\n<p>Vos variables restent sauvegard\u00e9es dans la m\u00e9moire vive tant que le programme reste ouvert (ou est ex\u00e9cut\u00e9).<\/p>\n\n\n\n<p>Chaque espace de stockage de la m\u00e9moire vive est appel\u00e9 <strong>adresse de la variable.<\/strong><\/p>\n\n\n\n<p><strong>Exemple complet :<\/strong><\/p>\n\n\n\n<p>Pour traiter de l&rsquo;information, la machine va utiliser les variables et modifier ou non leurs valeurs suivant le programme.<\/p>\n\n\n\n<p>Pour afficher la valeur d&rsquo;une variable, on utilise \u00e9galement l\u2019instruction <strong>print<\/strong>. Ex\u00e9cuter le programme ci-dessous et observer le r\u00e9sultat.<\/p>\n\n\n<iframe frameborder=\"0\" width=\"100%\" height=\"400px\" src=\"https:\/\/create.withcode.uk\/embed\/Brd\"><a target=\"_blank\" href=\"https:\/\/create.withcode.uk\/python\/Brd\">create.withcode.uk<\/a><\/iframe>\n\n\n\n<p>Dans l&rsquo;instruction print, certains \u00e9l\u00e9ments sont entre guillemets. Ce sont les chaines de caract\u00e8res dont \u00e9crit le contenu directement. Si l&rsquo;on enl\u00e8ve les guillemets, on demande \u00e0 l&rsquo;instruction print de r\u00e9cup\u00e9rer les informations stock\u00e9s \u00e0 l&rsquo;adresse de la variable correspondante. Pour mettre plusieurs informations dans l&rsquo;instruction print, on les s\u00e9pare par virgules. <strong>Il est important de respecter la syntaxe du langage de programme. Sinon, le programme ne pourra s\u2019ex\u00e9cuter.<\/strong><\/p>\n\n\n\n<p>Ex\u00e9cutons le programme, ci dessous :<\/p>\n\n\n<iframe frameborder=\"0\" width=\"100%\" height=\"400px\" src=\"https:\/\/create.withcode.uk\/embed\/Bre\"><a target=\"_blank\" href=\"https:\/\/create.withcode.uk\/python\/Bre\">create.withcode.uk<\/a><\/iframe>\n\n\n\n<p>On remarque qu&rsquo;a l\u2019ex\u00e9cution, la 6\u00e8me instruction n&rsquo;indiquera pas le prenom Michel et la masse 75.4. En effet, les variables prenom et age on subit une nouvelle affectation de valeurs \u00e0 la ligne 5 et 6.<\/p>\n\n\n\n<p>Les instructions d&rsquo;un programme s\u2019ex\u00e9cute dans l\u2019ordre o\u00f9 elles sont \u00e9crites. Chaque ligne correspond \u00e0 une instruction. D\u00e9cortiquons le programme pour observer ce qu&rsquo;il se passe au niveau de la m\u00e9moire vive.<\/p>\n\n\n\n<p>\u00c9tat de la m\u00e9moire vive \u00e0 la ligne 1.<\/p>\n\n\n\n<figure class=\"wp-block-image size-large\"><img loading=\"lazy\" width=\"800\" height=\"500\" src=\"http:\/\/mathquiz.fr\/wp-content\/uploads\/2020\/10\/var1.png\" alt=\"\" class=\"wp-image-969\" srcset=\"https:\/\/mathquiz.fr\/wp-content\/uploads\/2020\/10\/var1.png 800w, https:\/\/mathquiz.fr\/wp-content\/uploads\/2020\/10\/var1-300x188.png 300w, https:\/\/mathquiz.fr\/wp-content\/uploads\/2020\/10\/var1-768x480.png 768w, https:\/\/mathquiz.fr\/wp-content\/uploads\/2020\/10\/var1-370x231.png 370w\" sizes=\"(max-width: 800px) 100vw, 800px\" \/><\/figure>\n\n\n\n<p>\u00c9tat de la m\u00e9moire vive \u00e0 la ligne 2.<\/p>\n\n\n\n<figure class=\"wp-block-image size-large\"><img loading=\"lazy\" width=\"800\" height=\"500\" src=\"http:\/\/mathquiz.fr\/wp-content\/uploads\/2020\/10\/var2.png\" alt=\"\" class=\"wp-image-971\" srcset=\"https:\/\/mathquiz.fr\/wp-content\/uploads\/2020\/10\/var2.png 800w, https:\/\/mathquiz.fr\/wp-content\/uploads\/2020\/10\/var2-300x188.png 300w, https:\/\/mathquiz.fr\/wp-content\/uploads\/2020\/10\/var2-768x480.png 768w, https:\/\/mathquiz.fr\/wp-content\/uploads\/2020\/10\/var2-370x231.png 370w\" sizes=\"(max-width: 800px) 100vw, 800px\" \/><\/figure>\n\n\n\n<p>\u00c9tat de la m\u00e9moire vive \u00e0 la ligne 3.<\/p>\n\n\n\n<figure class=\"wp-block-image size-large\"><img loading=\"lazy\" width=\"800\" height=\"500\" src=\"http:\/\/mathquiz.fr\/wp-content\/uploads\/2020\/10\/var3-2.png\" alt=\"\" class=\"wp-image-985\" srcset=\"https:\/\/mathquiz.fr\/wp-content\/uploads\/2020\/10\/var3-2.png 800w, https:\/\/mathquiz.fr\/wp-content\/uploads\/2020\/10\/var3-2-300x188.png 300w, https:\/\/mathquiz.fr\/wp-content\/uploads\/2020\/10\/var3-2-768x480.png 768w, https:\/\/mathquiz.fr\/wp-content\/uploads\/2020\/10\/var3-2-370x231.png 370w\" sizes=\"(max-width: 800px) 100vw, 800px\" \/><\/figure>\n\n\n\n<p>\u00c9tat de la m\u00e9moire vive \u00e0 la ligne 4. Idem qu&rsquo;\u00e0 la ligne 3. Car, il n&rsquo;y a aucune nouvelle affectation.<\/p>\n\n\n\n<p>\u00c9tat de la m\u00e9moire vive \u00e0 la ligne 5.<\/p>\n\n\n\n<figure class=\"wp-block-image size-large\"><img loading=\"lazy\" width=\"800\" height=\"500\" src=\"http:\/\/mathquiz.fr\/wp-content\/uploads\/2020\/10\/var4.png\" alt=\"\" class=\"wp-image-987\" srcset=\"https:\/\/mathquiz.fr\/wp-content\/uploads\/2020\/10\/var4.png 800w, https:\/\/mathquiz.fr\/wp-content\/uploads\/2020\/10\/var4-300x188.png 300w, https:\/\/mathquiz.fr\/wp-content\/uploads\/2020\/10\/var4-768x480.png 768w, https:\/\/mathquiz.fr\/wp-content\/uploads\/2020\/10\/var4-370x231.png 370w\" sizes=\"(max-width: 800px) 100vw, 800px\" \/><\/figure>\n\n\n\n<p>\u00c9tat de la m\u00e9moire vive \u00e0 la ligne 6.<\/p>\n\n\n\n<figure class=\"wp-block-image size-large\"><img loading=\"lazy\" width=\"800\" height=\"500\" src=\"http:\/\/mathquiz.fr\/wp-content\/uploads\/2020\/10\/var5.png\" alt=\"\" class=\"wp-image-988\" srcset=\"https:\/\/mathquiz.fr\/wp-content\/uploads\/2020\/10\/var5.png 800w, https:\/\/mathquiz.fr\/wp-content\/uploads\/2020\/10\/var5-300x188.png 300w, https:\/\/mathquiz.fr\/wp-content\/uploads\/2020\/10\/var5-768x480.png 768w, https:\/\/mathquiz.fr\/wp-content\/uploads\/2020\/10\/var5-370x231.png 370w\" sizes=\"(max-width: 800px) 100vw, 800px\" \/><\/figure>\n\n\n\n<p>\u00c9tat de la m\u00e9moire vive \u00e0 la ligne 7. Idem qu&rsquo;a la ligne 6. Car, il n&rsquo;y a aucune nouvelle affectation.<\/p>\n\n\n\n<p>Pour faire \u00e9voluer \u00ab\u00a0automatiquement\u00a0\u00bb la valeur des variables d\u00e9clar\u00e9es et stock\u00e9es dans la m\u00e9moire vive, il faut effectuer des op\u00e9rations. Ces op\u00e9rations sont \u00e9crites dans le programme et sont consid\u00e9r\u00e9s comme des instructions.<\/p>\n\n\n\n<hr class=\"wp-block-separator\"\/>\n\n\n\n<figure class=\"wp-block-table\"><table><tbody><tr><td><div class=\"su-button-center\"><a href=\"http:\/\/mathquiz.fr\/?page_id=851\" class=\"su-button su-button-style-3d\" style=\"color:#FFFFFF;background-color:#2D89EF;border-color:#246ec0;border-radius:9px\" target=\"_self\"><span style=\"color:#FFFFFF;padding:0px 24px;font-size:18px;line-height:36px;border-color:#6cadf4;border-radius:9px;text-shadow:none\"> Cours pr\u00e9c\u00e9dent<\/span><\/a><\/div><br><br><\/td><td><div class=\"su-button-center\"><a href=\"http:\/\/mathquiz.fr\/?page_id=1249\" class=\"su-button su-button-style-3d\" style=\"color:#FFFFFF;background-color:#2D89EF;border-color:#246ec0;border-radius:9px\" target=\"_self\"><span style=\"color:#FFFFFF;padding:0px 24px;font-size:18px;line-height:36px;border-color:#6cadf4;border-radius:9px;text-shadow:none\"> Suite du cours<\/span><\/a><\/div><br><br><\/td><\/tr><\/tbody><\/table><\/figure>\n","protected":false},"excerpt":{"rendered":"<p>Afin de suivi le cours\/TD plus agr\u00e9able, je vous conseille de lire le guide vid\u00e9o disponible en cliquant sur l&rsquo;image ci-dessous. Vous pouvez par ailleurs optimiser votre espace de travail en ouvrant une fen\u00eatre consacr\u00e9[&#8230;]<\/p>\n","protected":false},"author":1,"featured_media":0,"parent":851,"menu_order":0,"comment_status":"closed","ping_status":"closed","template":"","meta":[],"_links":{"self":[{"href":"https:\/\/mathquiz.fr\/index.php?rest_route=\/wp\/v2\/pages\/857"}],"collection":[{"href":"https:\/\/mathquiz.fr\/index.php?rest_route=\/wp\/v2\/pages"}],"about":[{"href":"https:\/\/mathquiz.fr\/index.php?rest_route=\/wp\/v2\/types\/page"}],"author":[{"embeddable":true,"href":"https:\/\/mathquiz.fr\/index.php?rest_route=\/wp\/v2\/users\/1"}],"replies":[{"embeddable":true,"href":"https:\/\/mathquiz.fr\/index.php?rest_route=%2Fwp%2Fv2%2Fcomments&post=857"}],"version-history":[{"count":74,"href":"https:\/\/mathquiz.fr\/index.php?rest_route=\/wp\/v2\/pages\/857\/revisions"}],"predecessor-version":[{"id":1259,"href":"https:\/\/mathquiz.fr\/index.php?rest_route=\/wp\/v2\/pages\/857\/revisions\/1259"}],"up":[{"embeddable":true,"href":"https:\/\/mathquiz.fr\/index.php?rest_route=\/wp\/v2\/pages\/851"}],"wp:attachment":[{"href":"https:\/\/mathquiz.fr\/index.php?rest_route=%2Fwp%2Fv2%2Fmedia&parent=857"}],"curies":[{"name":"wp","href":"https:\/\/api.w.org\/{rel}","templated":true}]}}