{"id":866,"date":"2020-10-09T10:24:53","date_gmt":"2020-10-09T08:24:53","guid":{"rendered":"http:\/\/mathquiz.fr\/?page_id=866"},"modified":"2022-02-27T18:07:07","modified_gmt":"2022-02-27T17:07:07","slug":"les-listes","status":"publish","type":"page","link":"https:\/\/mathquiz.fr\/?page_id=866","title":{"rendered":"Les listes"},"content":{"rendered":"\n<p>Une liste est un type de variable particulier. Elle peut stocker plusieurs valeurs. Dans l&rsquo;usage des listes, les boucles y jouent un r\u00f4le cons\u00e9quent.<\/p>\n\n\n<iframe frameborder=\"0\" width=\"100%\" height=\"400px\" src=\"https:\/\/create.withcode.uk\/embed\/Bu6\"><a target=\"_blank\" href=\"https:\/\/create.withcode.uk\/python\/Bu6\">create.withcode.uk<\/a><\/iframe>\n\n\n\n<ul><li>La premi\u00e8re instruction est une variable de type liste d\u2019entier. On y entre trois valeurs : 1,2,3. Ces valeurs sont plac\u00e9es aux rang 0,1,2 de la liste.<\/li><li>La deuxi\u00e8me instruction affiche la valeur de la variable liste au rang 0 de la liste. C\u2019est-\u00e0-dire 1.<\/li><li>La troisi\u00e8me instruction affiche la valeur de la variable liste au rang 0 de la liste. C\u2019est-\u00e0-dire 1.<\/li><li>La quatri\u00e8me instruction affiche la valeur de la variable liste au rang 0 de la liste. C\u2019est-\u00e0-dire 1.<\/li><\/ul>\n\n\n\n<p>Lorsque la liste est longue, il est pr\u00e9f\u00e9rable d\u2019utiliser les boucles pour afficher ou faire \u00e9voluer les r\u00e9sultats.<\/p>\n\n\n\n<p>On peut \u00e9galement int\u00e9grer des valeurs flottantes ou des chaines de caract\u00e8res \u00e0 nos listes.<\/p>\n\n\n<iframe frameborder=\"0\" width=\"100%\" height=\"400px\" src=\"https:\/\/create.withcode.uk\/embed\/GZF\"><a target=\"_blank\" href=\"https:\/\/create.withcode.uk\/python\/GZF\">create.withcode.uk<\/a><\/iframe>\n\n\n\n<p>On peut \u00e9galement, rajouter des \u00e9l\u00e9ments \u00e0 nos listes, \u00e0 partir d&rsquo;une liste vide. En utilisant <a href=\"https:\/\/fr.wikipedia.org\/wiki\/M%C3%A9thode_(informatique)\" target=\"_blank\" rel=\"noreferrer noopener\">la m\u00e9thode<\/a> .append().<\/p>\n\n\n<iframe frameborder=\"0\" width=\"100%\" height=\"400px\" src=\"https:\/\/create.withcode.uk\/embed\/Bu8\"><a target=\"_blank\" href=\"https:\/\/create.withcode.uk\/python\/Bu8\">create.withcode.uk<\/a><\/iframe>\n\n\n\n<figure class=\"wp-block-table\"><table><tbody><tr><td><div class=\"su-button-center\"><a href=\"http:\/\/mathquiz.fr\/?page_id=864\" class=\"su-button su-button-style-3d\" style=\"color:#FFFFFF;background-color:#2D89EF;border-color:#246ec0;border-radius:9px\" target=\"_self\"><span style=\"color:#FFFFFF;padding:0px 24px;font-size:18px;line-height:36px;border-color:#6cadf4;border-radius:9px;text-shadow:none\"> Cours pr\u00e9c\u00e9dent<\/span><\/a><\/div><br><br><\/td><td><div class=\"su-button-center\"><a href=\"http:\/\/mathquiz.fr\/?page_id=1095\" class=\"su-button su-button-style-3d\" style=\"color:#FFFFFF;background-color:#2D89EF;border-color:#246ec0;border-radius:9px\" target=\"_self\"><span style=\"color:#FFFFFF;padding:0px 24px;font-size:18px;line-height:36px;border-color:#6cadf4;border-radius:9px;text-shadow:none\"> Suite du cours<\/span><\/a><\/div><br><br><\/td><\/tr><\/tbody><\/table><\/figure>\n","protected":false},"excerpt":{"rendered":"<p>Une liste est un type de variable particulier. Elle peut stocker plusieurs valeurs. Dans l&rsquo;usage des listes, les boucles y jouent un r\u00f4le cons\u00e9quent. La premi\u00e8re instruction est une variable de type liste d\u2019entier. On[&#8230;]<\/p>\n","protected":false},"author":1,"featured_media":0,"parent":851,"menu_order":0,"comment_status":"closed","ping_status":"closed","template":"","meta":[],"_links":{"self":[{"href":"https:\/\/mathquiz.fr\/index.php?rest_route=\/wp\/v2\/pages\/866"}],"collection":[{"href":"https:\/\/mathquiz.fr\/index.php?rest_route=\/wp\/v2\/pages"}],"about":[{"href":"https:\/\/mathquiz.fr\/index.php?rest_route=\/wp\/v2\/types\/page"}],"author":[{"embeddable":true,"href":"https:\/\/mathquiz.fr\/index.php?rest_route=\/wp\/v2\/users\/1"}],"replies":[{"embeddable":true,"href":"https:\/\/mathquiz.fr\/index.php?rest_route=%2Fwp%2Fv2%2Fcomments&post=866"}],"version-history":[{"count":7,"href":"https:\/\/mathquiz.fr\/index.php?rest_route=\/wp\/v2\/pages\/866\/revisions"}],"predecessor-version":[{"id":1471,"href":"https:\/\/mathquiz.fr\/index.php?rest_route=\/wp\/v2\/pages\/866\/revisions\/1471"}],"up":[{"embeddable":true,"href":"https:\/\/mathquiz.fr\/index.php?rest_route=\/wp\/v2\/pages\/851"}],"wp:attachment":[{"href":"https:\/\/mathquiz.fr\/index.php?rest_route=%2Fwp%2Fv2%2Fmedia&parent=866"}],"curies":[{"name":"wp","href":"https:\/\/api.w.org\/{rel}","templated":true}]}}