{"id":887,"date":"2020-10-09T10:37:01","date_gmt":"2020-10-09T08:37:01","guid":{"rendered":"http:\/\/mathquiz.fr\/?page_id=887"},"modified":"2020-11-06T11:18:43","modified_gmt":"2020-11-06T10:18:43","slug":"archives","status":"publish","type":"page","link":"https:\/\/mathquiz.fr\/?page_id=887","title":{"rendered":"Archives"},"content":{"rendered":"\n<ul class=\"su-subpages\"><li class=\"page_item page-item-202 page_item_has_children\"><a href=\"https:\/\/mathquiz.fr\/?page_id=202\">T ES\/L<\/a>\n<ul class='children'>\n\t<li class=\"page_item page-item-148\"><a href=\"https:\/\/mathquiz.fr\/?page_id=148\">Correction des devoirs 2018-2019<\/a><\/li>\n\t<li class=\"page_item page-item-275\"><a href=\"https:\/\/mathquiz.fr\/?page_id=275\">Correction des devoirs 2019-2020<\/a><\/li>\n\t<li class=\"page_item page-item-24 page_item_has_children\"><a href=\"https:\/\/mathquiz.fr\/?page_id=24\">T ES\/L : Quiz<\/a>\n\t<ul class='children'>\n\t\t<li class=\"page_item page-item-36\"><a href=\"https:\/\/mathquiz.fr\/?page_id=36\">Suites arithm\u00e9tico-g\u00e9om\u00e9triques<\/a><\/li>\n\t\t<li class=\"page_item page-item-38\"><a href=\"https:\/\/mathquiz.fr\/?page_id=38\">Convexit\u00e9 \/ continuit\u00e9<\/a><\/li>\n\t\t<li class=\"page_item page-item-40\"><a href=\"https:\/\/mathquiz.fr\/?page_id=40\">Fonctions exponentielles<\/a><\/li>\n\t\t<li class=\"page_item page-item-42\"><a href=\"https:\/\/mathquiz.fr\/?page_id=42\">Probabilit\u00e9 conditionnelle<\/a><\/li>\n\t\t<li class=\"page_item page-item-44\"><a href=\"https:\/\/mathquiz.fr\/?page_id=44\">Int\u00e9grales<\/a><\/li>\n\t\t<li class=\"page_item page-item-46\"><a href=\"https:\/\/mathquiz.fr\/?page_id=46\">Fonction logarithme n\u00e9perien<\/a><\/li>\n\t\t<li class=\"page_item page-item-48\"><a href=\"https:\/\/mathquiz.fr\/?page_id=48\">Probabilit\u00e9 \u00e0 densit\u00e9<\/a><\/li>\n\t\t<li class=\"page_item page-item-15\"><a href=\"https:\/\/mathquiz.fr\/?page_id=15\">Echantillonnage \/ estimation<\/a><\/li>\n\t<\/ul>\n<\/li>\n<\/ul>\n<\/li>\n<li class=\"page_item page-item-899 page_item_has_children\"><a href=\"https:\/\/mathquiz.fr\/?page_id=899\">Travaux \u00e0 domicile pendant le confinement (2019-2020)<\/a>\n<ul class='children'>\n\t<li class=\"page_item page-item-382\"><a href=\"https:\/\/mathquiz.fr\/?page_id=382\">SNT Travail \u00e0 domicile (2019-2020)<\/a><\/li>\n\t<li class=\"page_item page-item-331\"><a href=\"https:\/\/mathquiz.fr\/?page_id=331\">TES travail \u00e0 domicile (2019-2020)<\/a><\/li>\n<\/ul>\n<\/li>\n<\/ul>\n","protected":false},"excerpt":{"rendered":"","protected":false},"author":1,"featured_media":0,"parent":0,"menu_order":0,"comment_status":"closed","ping_status":"closed","template":"","meta":[],"_links":{"self":[{"href":"https:\/\/mathquiz.fr\/index.php?rest_route=\/wp\/v2\/pages\/887"}],"collection":[{"href":"https:\/\/mathquiz.fr\/index.php?rest_route=\/wp\/v2\/pages"}],"about":[{"href":"https:\/\/mathquiz.fr\/index.php?rest_route=\/wp\/v2\/types\/page"}],"author":[{"embeddable":true,"href":"https:\/\/mathquiz.fr\/index.php?rest_route=\/wp\/v2\/users\/1"}],"replies":[{"embeddable":true,"href":"https:\/\/mathquiz.fr\/index.php?rest_route=%2Fwp%2Fv2%2Fcomments&post=887"}],"version-history":[{"count":4,"href":"https:\/\/mathquiz.fr\/index.php?rest_route=\/wp\/v2\/pages\/887\/revisions"}],"predecessor-version":[{"id":1166,"href":"https:\/\/mathquiz.fr\/index.php?rest_route=\/wp\/v2\/pages\/887\/revisions\/1166"}],"wp:attachment":[{"href":"https:\/\/mathquiz.fr\/index.php?rest_route=%2Fwp%2Fv2%2Fmedia&parent=887"}],"curies":[{"name":"wp","href":"https:\/\/api.w.org\/{rel}","templated":true}]}}